{"id":2386,"date":"2024-06-21T16:58:21","date_gmt":"2024-06-21T16:58:21","guid":{"rendered":"https:\/\/onedagranit.al\/?page_id=2386"},"modified":"2024-07-06T09:53:30","modified_gmt":"2024-07-06T09:53:30","slug":"projekte","status":"publish","type":"page","link":"https:\/\/onedagranit.al\/en\/projekte\/","title":{"rendered":"Projects"},"content":{"rendered":"<div class=\"wp-block-group has-global-padding is-content-justification-left is-layout-constrained wp-container-core-group-is-layout-f88c4225 wp-block-group-is-layout-constrained\">\n<h3 class=\"wp-block-heading has-text-align-left\" style=\"line-height:1.2\">Our portfolio<\/h3>\n\n\n\n<p class=\"has-text-align-left\" style=\"margin-top:var(--wp--preset--spacing--20)\">At Oneda Granite, we are proud of our successful projects and commitment to excellence. Our portfolio includes a wide range of projects, from popular hotels and luxury residences, to grand palaces and mosques. Here are some of the reasons that set us apart from the competition and make customers choose Oneda Granite for their projects<\/p>\n\n\n\n<div style=\"height:1vw\" aria-hidden=\"true\" class=\"wp-block-spacer\"><\/div>\n<\/div>\n\n\n\n<div style=\"height:3vw\" aria-hidden=\"true\" class=\"wp-block-spacer\"><\/div>\n\n\n\n<div class=\"wp-block-group has-global-padding is-layout-constrained wp-block-group-is-layout-constrained\">\n<div class=\"wp-block-columns ticss-3da26499 is-layout-flex wp-container-core-columns-is-layout-28f84493 wp-block-columns-is-layout-flex\">\n<div class=\"wp-block-column is-layout-flow wp-block-column-is-layout-flow\">\n<figure class=\"wp-block-image size-full\"><img loading=\"lazy\" decoding=\"async\" width=\"940\" height=\"788\" src=\"http:\/\/onedagranit.al\/wp-content\/uploads\/2024\/06\/WhatsApp-Image-2024-06-20-at-20.37.40.jpeg\" alt=\"\" class=\"wp-image-2391\" srcset=\"https:\/\/onedagranit.al\/wp-content\/uploads\/2024\/06\/WhatsApp-Image-2024-06-20-at-20.37.40.jpeg 940w, https:\/\/onedagranit.al\/wp-content\/uploads\/2024\/06\/WhatsApp-Image-2024-06-20-at-20.37.40-300x251.jpeg 300w, https:\/\/onedagranit.al\/wp-content\/uploads\/2024\/06\/WhatsApp-Image-2024-06-20-at-20.37.40-768x644.jpeg 768w, https:\/\/onedagranit.al\/wp-content\/uploads\/2024\/06\/WhatsApp-Image-2024-06-20-at-20.37.40-600x503.jpeg 600w\" sizes=\"auto, (max-width: 940px) 100vw, 940px\" \/><\/figure>\n<\/div>\n\n\n\n<div class=\"wp-block-column ticss-3bd55c70 is-layout-flow wp-block-column-is-layout-flow\" style=\"padding-top:9rem;padding-right:0;padding-bottom:3.38rem;padding-left:0;flex-basis:17.2%\">\n<div class=\"wp-block-group ml-300 ticss-7e31bba8 has-global-padding is-layout-constrained wp-block-group-is-layout-constrained\">\n<h3 class=\"wp-block-heading has-contrast-color has-text-color\" style=\"line-height:1.2\">1. <strong>Facade coating with Onyx<\/strong><\/h3>\n\n\n\n<p>This project involved cladding a facade with Onyx, a material that combines natural beauty and exceptional elegance. Onyx brings a distinctive and vibrant look, giving the building a unique and recognizable identity. This facade coating not only improves the external aesthetics, but also offers a high resistance to atmospheric conditions.<\/p>\n\n\n\n<p><strong>Benefits:<\/strong><\/p>\n\n\n\n<ul class=\"wp-block-list\">\n<li>Impressive and unique view<\/li>\n\n\n\n<li>Resistance to atmospheric factors<\/li>\n\n\n\n<li>Durable and stylish material<\/li>\n<\/ul>\n<\/div>\n<\/div>\n<\/div>\n<\/div>\n\n\n\n<div style=\"height:3vw\" aria-hidden=\"true\" class=\"wp-block-spacer\"><\/div>\n\n\n\n<div style=\"height:3vw\" aria-hidden=\"true\" class=\"wp-block-spacer\"><\/div>\n\n\n\n<div class=\"wp-block-group has-global-padding is-layout-constrained wp-block-group-is-layout-constrained\">\n<div class=\"wp-block-columns is-layout-flex wp-container-core-columns-is-layout-28f84493 wp-block-columns-is-layout-flex\">\n<div class=\"wp-block-column ticss-3bd55c70 is-layout-flow wp-block-column-is-layout-flow\" style=\"padding-top:3rem;padding-right:0;padding-bottom:3.38rem;padding-left:0;flex-basis:17.2%\">\n<div class=\"wp-block-group mr-300 ticss-7e31bba8 has-global-padding is-layout-constrained wp-block-group-is-layout-constrained\">\n<h3 class=\"wp-block-heading has-contrast-color has-text-color\" style=\"line-height:1.2\">2. Flooring with Rosa Beta Granite and Absolute Nero Granite<\/h3>\n\n\n\n<p>The project involved laying the floor with a combination of Granit Rosa Beta and Granit Nero Absolute. Granit Rosa Beta brings a soft and warm look, while Granit Nero Absolute offers an elegant and powerful contrast. This combination creates a harmonious and modern feel, making the space look luxurious and welcoming.<\/p>\n\n\n\n<p><strong>Benefits:<\/strong><\/p>\n\n\n\n<ul class=\"wp-block-list\">\n<li>Harmonious and elegant combination<\/li>\n\n\n\n<li>Resistance to daily wear<\/li>\n\n\n\n<li>Luxurious and welcoming view<\/li>\n<\/ul>\n<\/div>\n<\/div>\n\n\n\n<div class=\"wp-block-column is-layout-flow wp-block-column-is-layout-flow\">\n<figure class=\"wp-block-image size-large\"><img loading=\"lazy\" decoding=\"async\" width=\"1024\" height=\"576\" src=\"http:\/\/onedagranit.al\/wp-content\/uploads\/2024\/06\/WhatsApp-Image-2024-06-20-at-20.36.17-1024x576.jpeg\" alt=\"\" class=\"wp-image-2392\" srcset=\"https:\/\/onedagranit.al\/wp-content\/uploads\/2024\/06\/WhatsApp-Image-2024-06-20-at-20.36.17-1024x576.jpeg 1024w, https:\/\/onedagranit.al\/wp-content\/uploads\/2024\/06\/WhatsApp-Image-2024-06-20-at-20.36.17-300x169.jpeg 300w, https:\/\/onedagranit.al\/wp-content\/uploads\/2024\/06\/WhatsApp-Image-2024-06-20-at-20.36.17-768x432.jpeg 768w, https:\/\/onedagranit.al\/wp-content\/uploads\/2024\/06\/WhatsApp-Image-2024-06-20-at-20.36.17-1536x864.jpeg 1536w, https:\/\/onedagranit.al\/wp-content\/uploads\/2024\/06\/WhatsApp-Image-2024-06-20-at-20.36.17-600x338.jpeg 600w, https:\/\/onedagranit.al\/wp-content\/uploads\/2024\/06\/WhatsApp-Image-2024-06-20-at-20.36.17.jpeg 1600w\" sizes=\"auto, (max-width: 1024px) 100vw, 1024px\" \/><\/figure>\n<\/div>\n<\/div>\n<\/div>\n\n\n\n<div style=\"height:3vw\" aria-hidden=\"true\" class=\"wp-block-spacer\"><\/div>\n\n\n\n<div style=\"height:3vw\" aria-hidden=\"true\" class=\"wp-block-spacer\"><\/div>\n\n\n\n<div class=\"wp-block-group has-global-padding is-layout-constrained wp-block-group-is-layout-constrained\">\n<div class=\"wp-block-columns is-layout-flex wp-container-core-columns-is-layout-28f84493 wp-block-columns-is-layout-flex\">\n<div class=\"wp-block-column is-layout-flow wp-block-column-is-layout-flow\">\n<figure class=\"wp-block-image size-large\"><img loading=\"lazy\" decoding=\"async\" width=\"1024\" height=\"768\" src=\"http:\/\/onedagranit.al\/wp-content\/uploads\/2024\/06\/WhatsApp-Image-2024-06-20-at-20.36.58-1024x768.jpeg\" alt=\"\" class=\"wp-image-2393\" srcset=\"https:\/\/onedagranit.al\/wp-content\/uploads\/2024\/06\/WhatsApp-Image-2024-06-20-at-20.36.58-1024x768.jpeg 1024w, https:\/\/onedagranit.al\/wp-content\/uploads\/2024\/06\/WhatsApp-Image-2024-06-20-at-20.36.58-300x225.jpeg 300w, https:\/\/onedagranit.al\/wp-content\/uploads\/2024\/06\/WhatsApp-Image-2024-06-20-at-20.36.58-768x576.jpeg 768w, https:\/\/onedagranit.al\/wp-content\/uploads\/2024\/06\/WhatsApp-Image-2024-06-20-at-20.36.58-600x450.jpeg 600w, https:\/\/onedagranit.al\/wp-content\/uploads\/2024\/06\/WhatsApp-Image-2024-06-20-at-20.36.58.jpeg 1280w\" sizes=\"auto, (max-width: 1024px) 100vw, 1024px\" \/><\/figure>\n<\/div>\n\n\n\n<div class=\"wp-block-column ticss-3bd55c70 is-layout-flow wp-block-column-is-layout-flow\" style=\"padding-top:9rem;padding-right:0;padding-bottom:3.38rem;padding-left:0;flex-basis:17.2%\">\n<div class=\"wp-block-group ml-300 ticss-7e31bba8 has-global-padding is-layout-constrained wp-block-group-is-layout-constrained\">\n<h3 class=\"wp-block-heading has-contrast-color has-text-color\" style=\"line-height:1.2\">3. Countertops with Galaxy Granite and Onyx Verde<\/h3>\n\n\n\n<p>This project involved clad a countertop in Galaxy Granite and Onyx Verde. Galaxy Granite offers a bright and dynamic look, while Onyx Verde adds a lively and distinctive element. This combination brings a sense of luxury and sophistication, making the counter an impressive focal point in the kitchen or bar space.<\/p>\n\n\n\n<p><strong>Benefits:<\/strong><\/p>\n\n\n\n<ul class=\"wp-block-list\">\n<li>Dynamic and impressive appearance<\/li>\n\n\n\n<li>Durable and quality materials<\/li>\n\n\n\n<li>Elegant and functional focal point<\/li>\n<\/ul>\n<\/div>\n<\/div>\n<\/div>\n<\/div>\n\n\n\n<div style=\"height:3vw\" aria-hidden=\"true\" class=\"wp-block-spacer\"><\/div>\n\n\n\n<div style=\"height:3vw\" aria-hidden=\"true\" class=\"wp-block-spacer\"><\/div>\n\n\n\n<div class=\"wp-block-group has-global-padding is-layout-constrained wp-block-group-is-layout-constrained\">\n<div class=\"wp-block-columns is-layout-flex wp-container-core-columns-is-layout-28f84493 wp-block-columns-is-layout-flex\">\n<div class=\"wp-block-column ticss-3bd55c70 is-layout-flow wp-block-column-is-layout-flow\" style=\"padding-top:9rem;padding-right:0;padding-bottom:3.38rem;padding-left:0;flex-basis:17.2%\">\n<div class=\"wp-block-group mr-300 ticss-7e31bba8 has-global-padding is-layout-constrained wp-block-group-is-layout-constrained\">\n<h3 class=\"wp-block-heading has-contrast-color has-text-color\" style=\"line-height:1.2\">4. <strong>Wall Cladding with Patagonia Quartzite<\/strong><\/h3>\n\n\n\n<p>The project involved cladding the walls with Patagonia Quartzite, a material that brings natural motifs and vibrant colors. Patagonia Quartzite offers a unique and rich look, making the space look more alive and inspiring. This material is suitable for interiors that require an aesthetic and durable element.<\/p>\n\n\n\n<p><strong>Benefits:<\/strong><\/p>\n\n\n\n<ul class=\"wp-block-list\">\n<li>Natural motifs and vivid colors<\/li>\n\n\n\n<li>Wear resistance<\/li>\n\n\n\n<li>Rich and inspiring look<\/li>\n<\/ul>\n<\/div>\n<\/div>\n\n\n\n<div class=\"wp-block-column is-layout-flow wp-block-column-is-layout-flow\">\n<figure class=\"wp-block-image size-full is-resized\"><img loading=\"lazy\" decoding=\"async\" width=\"750\" height=\"1000\" src=\"http:\/\/onedagranit.al\/wp-content\/uploads\/2024\/06\/WhatsApp-Image-2024-06-20-at-20.38.07.jpeg\" alt=\"\" class=\"wp-image-2390\" style=\"width:767px;height:auto\" srcset=\"https:\/\/onedagranit.al\/wp-content\/uploads\/2024\/06\/WhatsApp-Image-2024-06-20-at-20.38.07.jpeg 750w, https:\/\/onedagranit.al\/wp-content\/uploads\/2024\/06\/WhatsApp-Image-2024-06-20-at-20.38.07-225x300.jpeg 225w, https:\/\/onedagranit.al\/wp-content\/uploads\/2024\/06\/WhatsApp-Image-2024-06-20-at-20.38.07-600x800.jpeg 600w\" sizes=\"auto, (max-width: 750px) 100vw, 750px\" \/><\/figure>\n<\/div>\n<\/div>\n<\/div>\n\n\n\n<div style=\"height:3vw\" aria-hidden=\"true\" class=\"wp-block-spacer\"><\/div>\n\n\n\n<div style=\"height:3vw\" aria-hidden=\"true\" class=\"wp-block-spacer\"><\/div>\n\n\n\n<div class=\"wp-block-group has-global-padding is-layout-constrained wp-block-group-is-layout-constrained\">\n<div class=\"wp-block-columns is-layout-flex wp-container-core-columns-is-layout-28f84493 wp-block-columns-is-layout-flex\">\n<div class=\"wp-block-column is-layout-flow wp-block-column-is-layout-flow\">\n<figure class=\"wp-block-image size-full\"><img loading=\"lazy\" decoding=\"async\" width=\"750\" height=\"1000\" src=\"http:\/\/onedagranit.al\/wp-content\/uploads\/2024\/06\/WhatsApp-Image-2024-06-20-at-20.38.25.jpeg\" alt=\"\" class=\"wp-image-2389\" srcset=\"https:\/\/onedagranit.al\/wp-content\/uploads\/2024\/06\/WhatsApp-Image-2024-06-20-at-20.38.25.jpeg 750w, https:\/\/onedagranit.al\/wp-content\/uploads\/2024\/06\/WhatsApp-Image-2024-06-20-at-20.38.25-225x300.jpeg 225w, https:\/\/onedagranit.al\/wp-content\/uploads\/2024\/06\/WhatsApp-Image-2024-06-20-at-20.38.25-600x800.jpeg 600w\" sizes=\"auto, (max-width: 750px) 100vw, 750px\" \/><\/figure>\n<\/div>\n\n\n\n<div class=\"wp-block-column ticss-3bd55c70 is-layout-flow wp-block-column-is-layout-flow\" style=\"padding-top:9rem;padding-right:0;padding-bottom:3.38rem;padding-left:0;flex-basis:17.2%\">\n<div class=\"wp-block-group ml-300 ticss-7e31bba8 has-global-padding is-layout-constrained wp-block-group-is-layout-constrained\">\n<h3 class=\"wp-block-heading has-contrast-color has-text-color\" style=\"line-height:1.2\">5. Staircase with Taj Mahal Quartzite<\/h3>\n\n\n\n<p>This project involved cladding the stairs with Taj Mahal Quartzite, a material known for its unmatched beauty and elegance. Taj Mahal Quarzite offers a sophisticated and refined look, making the staircase a central element of the space. This material is durable and wear-resistant, guaranteeing a durable and beautiful appearance for years.<\/p>\n\n\n\n<p><strong>Benefits:<\/strong><\/p>\n\n\n\n<ul class=\"wp-block-list\">\n<li>Sophisticated and refined look<\/li>\n\n\n\n<li>Wear resistance<\/li>\n\n\n\n<li>Durable and quality material<\/li>\n<\/ul>\n<\/div>\n<\/div>\n<\/div>\n<\/div>\n\n\n\n<div style=\"height:3vw\" aria-hidden=\"true\" class=\"wp-block-spacer\"><\/div>\n\n\n\n<div style=\"height:3vw\" aria-hidden=\"true\" class=\"wp-block-spacer\"><\/div>\n\n\n\n<div class=\"wp-block-group has-global-padding is-layout-constrained wp-block-group-is-layout-constrained\">\n<div class=\"wp-block-columns is-layout-flex wp-container-core-columns-is-layout-28f84493 wp-block-columns-is-layout-flex\">\n<div class=\"wp-block-column ticss-3bd55c70 is-layout-flow wp-block-column-is-layout-flow\" style=\"padding-top:9rem;padding-right:0;padding-bottom:3.38rem;padding-left:0;flex-basis:17.2%\">\n<div class=\"wp-block-group mr-300 ticss-7e31bba8 has-global-padding is-layout-constrained wp-block-group-is-layout-constrained\">\n<h3 class=\"wp-block-heading has-contrast-color has-text-color\" style=\"line-height:1.2\">6. Fireplace with Onyx<\/h3>\n\n\n\n<p>The project involved the design and installation of a fireplace with Onyx, a material that offers a luxurious and extraordinary look. Onyx brings a sense of warmth and elegance, making the fireplace a focal point of interior decor. This material is known for its beauty and durability, guaranteeing an impressive appearance and high functionality.<\/p>\n\n\n\n<p><strong>Benefits:<\/strong><\/p>\n\n\n\n<ul class=\"wp-block-list\">\n<li>Luxurious and impressive appearance<\/li>\n\n\n\n<li>Warmth and elegance<\/li>\n\n\n\n<li>Quality and durable material<\/li>\n<\/ul>\n<\/div>\n<\/div>\n\n\n\n<div class=\"wp-block-column is-layout-flow wp-block-column-is-layout-flow\">\n<figure class=\"wp-block-image size-full is-resized\"><img loading=\"lazy\" decoding=\"async\" width=\"750\" height=\"1000\" src=\"http:\/\/onedagranit.al\/wp-content\/uploads\/2024\/06\/WhatsApp-Image-2024-06-20-at-20.38.59.jpeg\" alt=\"\" class=\"wp-image-2388\" style=\"width:809px;height:auto\" srcset=\"https:\/\/onedagranit.al\/wp-content\/uploads\/2024\/06\/WhatsApp-Image-2024-06-20-at-20.38.59.jpeg 750w, https:\/\/onedagranit.al\/wp-content\/uploads\/2024\/06\/WhatsApp-Image-2024-06-20-at-20.38.59-225x300.jpeg 225w, https:\/\/onedagranit.al\/wp-content\/uploads\/2024\/06\/WhatsApp-Image-2024-06-20-at-20.38.59-600x800.jpeg 600w\" sizes=\"auto, (max-width: 750px) 100vw, 750px\" \/><\/figure>\n<\/div>\n<\/div>\n<\/div>\n\n\n\n<div style=\"height:5vw\" aria-hidden=\"true\" class=\"wp-block-spacer\"><\/div>","protected":false},"excerpt":{"rendered":"<p>Portofoli Yn\u00eb N\u00eb Oneda Granit, ne jemi krenar\u00eb p\u00ebr projektet tona t\u00eb suksesshme dhe p\u00ebrkushtimin ndaj p\u00ebrsosm\u00ebris\u00eb. Portofoli yn\u00eb p\u00ebrfshin nj\u00eb gam\u00eb t\u00eb gjer\u00eb projektesh, nga hotele t\u00eb njohura dhe rezidenca luksoze, deri te pallatet dhe xhamit\u00eb madh\u00ebshtore. K\u00ebtu jan\u00eb disa nga arsyet q\u00eb na ve\u00e7ojn\u00eb nga konkurrenca dhe b\u00ebjn\u00eb q\u00eb klient\u00ebt t\u00eb zgjedhin Oneda [&hellip;]<\/p>\n","protected":false},"author":2,"featured_media":0,"parent":0,"menu_order":0,"comment_status":"closed","ping_status":"closed","template":"","meta":{"footnotes":""},"class_list":["post-2386","page","type-page","status-publish","hentry"],"yoast_head":"<!-- This site is optimized with the Yoast SEO plugin v27.3 - https:\/\/yoast.com\/product\/yoast-seo-wordpress\/ -->\n<title>Projektet - Oneda Granit<\/title>\n<meta name=\"robots\" content=\"index, follow, max-snippet:-1, max-image-preview:large, max-video-preview:-1\" \/>\n<link rel=\"canonical\" href=\"https:\/\/onedagranit.al\/en\/projekte\/\" \/>\n<meta property=\"og:locale\" content=\"en_US\" \/>\n<meta property=\"og:type\" content=\"article\" \/>\n<meta property=\"og:title\" content=\"Projektet - Oneda Granit\" \/>\n<meta property=\"og:description\" content=\"Portofoli Yn\u00eb N\u00eb Oneda Granit, ne jemi krenar\u00eb p\u00ebr projektet tona t\u00eb suksesshme dhe p\u00ebrkushtimin ndaj p\u00ebrsosm\u00ebris\u00eb. Portofoli yn\u00eb p\u00ebrfshin nj\u00eb gam\u00eb t\u00eb gjer\u00eb projektesh, nga hotele t\u00eb njohura dhe rezidenca luksoze, deri te pallatet dhe xhamit\u00eb madh\u00ebshtore. K\u00ebtu jan\u00eb disa nga arsyet q\u00eb na ve\u00e7ojn\u00eb nga konkurrenca dhe b\u00ebjn\u00eb q\u00eb klient\u00ebt t\u00eb zgjedhin Oneda [&hellip;]\" \/>\n<meta property=\"og:url\" content=\"https:\/\/onedagranit.al\/en\/projekte\/\" \/>\n<meta property=\"og:site_name\" content=\"Oneda Granit\" \/>\n<meta property=\"article:publisher\" content=\"https:\/\/www.facebook.com\/onedashpk\" \/>\n<meta property=\"article:modified_time\" content=\"2024-07-06T09:53:30+00:00\" \/>\n<meta property=\"og:image\" content=\"http:\/\/onedagranit.al\/wp-content\/uploads\/2024\/06\/WhatsApp-Image-2024-06-20-at-20.37.40.jpeg\" \/>\n<meta name=\"twitter:card\" content=\"summary_large_image\" \/>\n<meta name=\"twitter:label1\" content=\"Est. reading time\" \/>\n\t<meta name=\"twitter:data1\" content=\"5 minutes\" \/>\n<script type=\"application\/ld+json\" class=\"yoast-schema-graph\">{\"@context\":\"https:\\\/\\\/schema.org\",\"@graph\":[{\"@type\":\"WebPage\",\"@id\":\"https:\\\/\\\/onedagranit.al\\\/projekte\\\/\",\"url\":\"https:\\\/\\\/onedagranit.al\\\/projekte\\\/\",\"name\":\"Projektet - Oneda Granit\",\"isPartOf\":{\"@id\":\"https:\\\/\\\/onedagranit.al\\\/#website\"},\"primaryImageOfPage\":{\"@id\":\"https:\\\/\\\/onedagranit.al\\\/projekte\\\/#primaryimage\"},\"image\":{\"@id\":\"https:\\\/\\\/onedagranit.al\\\/projekte\\\/#primaryimage\"},\"thumbnailUrl\":\"http:\\\/\\\/onedagranit.al\\\/wp-content\\\/uploads\\\/2024\\\/06\\\/WhatsApp-Image-2024-06-20-at-20.37.40.jpeg\",\"datePublished\":\"2024-06-21T16:58:21+00:00\",\"dateModified\":\"2024-07-06T09:53:30+00:00\",\"breadcrumb\":{\"@id\":\"https:\\\/\\\/onedagranit.al\\\/projekte\\\/#breadcrumb\"},\"inLanguage\":\"en-US\",\"potentialAction\":[{\"@type\":\"ReadAction\",\"target\":[\"https:\\\/\\\/onedagranit.al\\\/projekte\\\/\"]}]},{\"@type\":\"ImageObject\",\"inLanguage\":\"en-US\",\"@id\":\"https:\\\/\\\/onedagranit.al\\\/projekte\\\/#primaryimage\",\"url\":\"http:\\\/\\\/onedagranit.al\\\/wp-content\\\/uploads\\\/2024\\\/06\\\/WhatsApp-Image-2024-06-20-at-20.37.40.jpeg\",\"contentUrl\":\"http:\\\/\\\/onedagranit.al\\\/wp-content\\\/uploads\\\/2024\\\/06\\\/WhatsApp-Image-2024-06-20-at-20.37.40.jpeg\"},{\"@type\":\"BreadcrumbList\",\"@id\":\"https:\\\/\\\/onedagranit.al\\\/projekte\\\/#breadcrumb\",\"itemListElement\":[{\"@type\":\"ListItem\",\"position\":1,\"name\":\"Home\",\"item\":\"https:\\\/\\\/onedagranit.al\\\/\"},{\"@type\":\"ListItem\",\"position\":2,\"name\":\"Projektet\"}]},{\"@type\":\"WebSite\",\"@id\":\"https:\\\/\\\/onedagranit.al\\\/#website\",\"url\":\"https:\\\/\\\/onedagranit.al\\\/\",\"name\":\"Oneda Granit\",\"description\":\"P\u00ebrsosm\u00ebria e Natyr\u00ebs n\u00eb \u00c7do Detaj\",\"publisher\":{\"@id\":\"https:\\\/\\\/onedagranit.al\\\/#organization\"},\"potentialAction\":[{\"@type\":\"SearchAction\",\"target\":{\"@type\":\"EntryPoint\",\"urlTemplate\":\"https:\\\/\\\/onedagranit.al\\\/?s={search_term_string}\"},\"query-input\":{\"@type\":\"PropertyValueSpecification\",\"valueRequired\":true,\"valueName\":\"search_term_string\"}}],\"inLanguage\":\"en-US\"},{\"@type\":\"Organization\",\"@id\":\"https:\\\/\\\/onedagranit.al\\\/#organization\",\"name\":\"Oneda Granit\",\"url\":\"https:\\\/\\\/onedagranit.al\\\/\",\"logo\":{\"@type\":\"ImageObject\",\"inLanguage\":\"en-US\",\"@id\":\"https:\\\/\\\/onedagranit.al\\\/#\\\/schema\\\/logo\\\/image\\\/\",\"url\":\"https:\\\/\\\/onedagranit.al\\\/wp-content\\\/uploads\\\/2024\\\/06\\\/oneda-logo.png\",\"contentUrl\":\"https:\\\/\\\/onedagranit.al\\\/wp-content\\\/uploads\\\/2024\\\/06\\\/oneda-logo.png\",\"width\":1000,\"height\":400,\"caption\":\"Oneda Granit\"},\"image\":{\"@id\":\"https:\\\/\\\/onedagranit.al\\\/#\\\/schema\\\/logo\\\/image\\\/\"},\"sameAs\":[\"https:\\\/\\\/www.facebook.com\\\/onedashpk\",\"https:\\\/\\\/www.instagram.com\\\/onedagranit\\\/\"]}]}<\/script>\n<!-- \/ Yoast SEO plugin. -->","yoast_head_json":{"title":"Projects - Oneda Granit","robots":{"index":"index","follow":"follow","max-snippet":"max-snippet:-1","max-image-preview":"max-image-preview:large","max-video-preview":"max-video-preview:-1"},"canonical":"https:\/\/onedagranit.al\/en\/projekte\/","og_locale":"en_US","og_type":"article","og_title":"Projektet - Oneda Granit","og_description":"Portofoli Yn\u00eb N\u00eb Oneda Granit, ne jemi krenar\u00eb p\u00ebr projektet tona t\u00eb suksesshme dhe p\u00ebrkushtimin ndaj p\u00ebrsosm\u00ebris\u00eb. Portofoli yn\u00eb p\u00ebrfshin nj\u00eb gam\u00eb t\u00eb gjer\u00eb projektesh, nga hotele t\u00eb njohura dhe rezidenca luksoze, deri te pallatet dhe xhamit\u00eb madh\u00ebshtore. K\u00ebtu jan\u00eb disa nga arsyet q\u00eb na ve\u00e7ojn\u00eb nga konkurrenca dhe b\u00ebjn\u00eb q\u00eb klient\u00ebt t\u00eb zgjedhin Oneda [&hellip;]","og_url":"https:\/\/onedagranit.al\/en\/projekte\/","og_site_name":"Oneda Granit","article_publisher":"https:\/\/www.facebook.com\/onedashpk","article_modified_time":"2024-07-06T09:53:30+00:00","og_image":[{"url":"http:\/\/onedagranit.al\/wp-content\/uploads\/2024\/06\/WhatsApp-Image-2024-06-20-at-20.37.40.jpeg","type":"","width":"","height":""}],"twitter_card":"summary_large_image","twitter_misc":{"Est. reading time":"5 minutes"},"schema":{"@context":"https:\/\/schema.org","@graph":[{"@type":"WebPage","@id":"https:\/\/onedagranit.al\/projekte\/","url":"https:\/\/onedagranit.al\/projekte\/","name":"Projects - Oneda Granit","isPartOf":{"@id":"https:\/\/onedagranit.al\/#website"},"primaryImageOfPage":{"@id":"https:\/\/onedagranit.al\/projekte\/#primaryimage"},"image":{"@id":"https:\/\/onedagranit.al\/projekte\/#primaryimage"},"thumbnailUrl":"http:\/\/onedagranit.al\/wp-content\/uploads\/2024\/06\/WhatsApp-Image-2024-06-20-at-20.37.40.jpeg","datePublished":"2024-06-21T16:58:21+00:00","dateModified":"2024-07-06T09:53:30+00:00","breadcrumb":{"@id":"https:\/\/onedagranit.al\/projekte\/#breadcrumb"},"inLanguage":"en-US","potentialAction":[{"@type":"ReadAction","target":["https:\/\/onedagranit.al\/projekte\/"]}]},{"@type":"ImageObject","inLanguage":"en-US","@id":"https:\/\/onedagranit.al\/projekte\/#primaryimage","url":"http:\/\/onedagranit.al\/wp-content\/uploads\/2024\/06\/WhatsApp-Image-2024-06-20-at-20.37.40.jpeg","contentUrl":"http:\/\/onedagranit.al\/wp-content\/uploads\/2024\/06\/WhatsApp-Image-2024-06-20-at-20.37.40.jpeg"},{"@type":"BreadcrumbList","@id":"https:\/\/onedagranit.al\/projekte\/#breadcrumb","itemListElement":[{"@type":"ListItem","position":1,"name":"Home","item":"https:\/\/onedagranit.al\/"},{"@type":"ListItem","position":2,"name":"Projektet"}]},{"@type":"WebSite","@id":"https:\/\/onedagranit.al\/#website","url":"https:\/\/onedagranit.al\/","name":"Oneda Granite","description":"Nature&#039;s Perfection in Every Detail","publisher":{"@id":"https:\/\/onedagranit.al\/#organization"},"potentialAction":[{"@type":"SearchAction","target":{"@type":"EntryPoint","urlTemplate":"https:\/\/onedagranit.al\/?s={search_term_string}"},"query-input":{"@type":"PropertyValueSpecification","valueRequired":true,"valueName":"search_term_string"}}],"inLanguage":"en-US"},{"@type":"Organization","@id":"https:\/\/onedagranit.al\/#organization","name":"Oneda Granite","url":"https:\/\/onedagranit.al\/","logo":{"@type":"ImageObject","inLanguage":"en-US","@id":"https:\/\/onedagranit.al\/#\/schema\/logo\/image\/","url":"https:\/\/onedagranit.al\/wp-content\/uploads\/2024\/06\/oneda-logo.png","contentUrl":"https:\/\/onedagranit.al\/wp-content\/uploads\/2024\/06\/oneda-logo.png","width":1000,"height":400,"caption":"Oneda Granit"},"image":{"@id":"https:\/\/onedagranit.al\/#\/schema\/logo\/image\/"},"sameAs":["https:\/\/www.facebook.com\/onedashpk","https:\/\/www.instagram.com\/onedagranit\/"]}]}},"_links":{"self":[{"href":"https:\/\/onedagranit.al\/en\/wp-json\/wp\/v2\/pages\/2386","targetHints":{"allow":["GET"]}}],"collection":[{"href":"https:\/\/onedagranit.al\/en\/wp-json\/wp\/v2\/pages"}],"about":[{"href":"https:\/\/onedagranit.al\/en\/wp-json\/wp\/v2\/types\/page"}],"author":[{"embeddable":true,"href":"https:\/\/onedagranit.al\/en\/wp-json\/wp\/v2\/users\/2"}],"replies":[{"embeddable":true,"href":"https:\/\/onedagranit.al\/en\/wp-json\/wp\/v2\/comments?post=2386"}],"version-history":[{"count":5,"href":"https:\/\/onedagranit.al\/en\/wp-json\/wp\/v2\/pages\/2386\/revisions"}],"predecessor-version":[{"id":2665,"href":"https:\/\/onedagranit.al\/en\/wp-json\/wp\/v2\/pages\/2386\/revisions\/2665"}],"wp:attachment":[{"href":"https:\/\/onedagranit.al\/en\/wp-json\/wp\/v2\/media?parent=2386"}],"curies":[{"name":"wp","href":"https:\/\/api.w.org\/{rel}","templated":true}]}}