{"id":661,"date":"2023-04-28T11:50:44","date_gmt":"2023-04-28T11:50:44","guid":{"rendered":"https:\/\/demo.webdevia.com\/cocina-kitchen-wordpress-theme\/?page_id=661"},"modified":"2024-06-22T10:10:58","modified_gmt":"2024-06-22T10:10:58","slug":"kontakt","status":"publish","type":"page","link":"https:\/\/onedagranit.al\/en\/kontakt\/","title":{"rendered":"Contact"},"content":{"rendered":"<div class=\"wp-block-columns is-layout-flex wp-container-core-columns-is-layout-643ced6b wp-block-columns-is-layout-flex\">\n<div class=\"wp-block-column is-layout-flow wp-block-column-is-layout-flow\">\n<h4 class=\"wp-block-heading\">Contact us<\/h4>\n\n\n\n<p style=\"margin-top:var(--wp--preset--spacing--20)\">We are here to help you with any questions or requests you may have. Our team is dedicated to providing an excellent and personalized service to every customer. Whatever the need: advice on the choice of materials, information on our services, or you want to discuss a future project, do not hesitate to contact us.<\/p>\n\n\n\n<div class=\"wp-block-webdevia-text-with-icon wp-block-webdevia-text-with-icon__position-left\" style=\"margin-top:var(--wp--preset--spacing--60);padding-top:0;padding-right:0;padding-bottom:0;padding-left:0;text-align:left;align-items:center\"><div class=\"wp-block-webdevia-text-with-icon__icon\" style=\"width:60px\"><img loading=\"lazy\" decoding=\"async\" src=\"https:\/\/demo.webdevia.com\/uspace-locations-and-venues-listing-wordpress-theme\/wp-content\/uploads\/2023\/03\/untitled-25.png\" alt=\"EmaiL\" width=\"60\" height=\"60\"\/><\/div><div class=\"wp-block-webdevia-text-with-icon__info\"><div class=\"wp-block-webdevia-text-with-icon__info__title wp-block-webdevia-text-with-icon__info__title__position-left\" style=\"display:block\"><h6 class=\"wp-block-webdevia-text-with-icon__info__title__text\">EmaiL<\/h6><\/div><p class=\"wp-block-webdevia-text-with-icon__info__text\" style=\"margin-inline-start:0\">onedagranit@hotmail.com | info@onedagranit.com<\/p><\/div><\/div>\n\n\n\n<div class=\"wp-block-webdevia-text-with-icon wp-block-webdevia-text-with-icon__position-left\" style=\"text-align:left;align-items:flex-start\"><div class=\"wp-block-webdevia-text-with-icon__icon\" style=\"width:60px\"><img loading=\"lazy\" decoding=\"async\" src=\"https:\/\/demo.webdevia.com\/uspace-locations-and-venues-listing-wordpress-theme\/wp-content\/uploads\/2023\/03\/untitled-24.png\" alt=\"Telefon\" width=\"60\" height=\"60\"\/><\/div><div class=\"wp-block-webdevia-text-with-icon__info\"><div class=\"wp-block-webdevia-text-with-icon__info__title wp-block-webdevia-text-with-icon__info__title__position-left\" style=\"display:block\"><h6 class=\"wp-block-webdevia-text-with-icon__info__title__text\">phone<\/h6><\/div><p class=\"wp-block-webdevia-text-with-icon__info__text\" style=\"margin-inline-start:0\">+355 69 207 7480    |    +355 69 407 7979<\/p><\/div><\/div>\n\n\n\n<div class=\"wp-block-webdevia-text-with-icon wp-block-webdevia-text-with-icon__position-left\" style=\"text-align:left;align-items:flex-start\"><div class=\"wp-block-webdevia-text-with-icon__icon\" style=\"width:60px\"><img loading=\"lazy\" decoding=\"async\" src=\"https:\/\/demo.webdevia.com\/uspace-locations-and-venues-listing-wordpress-theme\/wp-content\/uploads\/2023\/03\/untitled-23.png\" alt=\"Adresa\" width=\"60\" height=\"60\"\/><\/div><div class=\"wp-block-webdevia-text-with-icon__info\"><div class=\"wp-block-webdevia-text-with-icon__info__title wp-block-webdevia-text-with-icon__info__title__position-left\" style=\"display:block\"><h6 class=\"wp-block-webdevia-text-with-icon__info__title__text\">address<\/h6><\/div><p class=\"wp-block-webdevia-text-with-icon__info__text\" style=\"margin-inline-start:0\">Ward 15 Spitalle, Durres, Rruga Aleksander Goga, Durres 2009, Albania<\/p><\/div><\/div>\n<\/div>\n\n\n\n<div class=\"wp-block-column is-layout-flow wp-block-column-is-layout-flow\">\n<div style=\"width: 100%\"><iframe loading=\"lazy\" width=\"100%\" height=\"400\" frameborder=\"0\" scrolling=\"no\" marginheight=\"0\" marginwidth=\"0\" src=\"https:\/\/maps.google.com\/maps?width=100%25&amp;height=600&amp;hl=en&amp;q=onedagranit+(Oneda%20Granit)&amp;t=&amp;z=13&amp;ie=UTF8&amp;iwloc=B&amp;output=embed\"><a href=\"https:\/\/www.gps.ie\/\">sport gps tracker<\/a><\/iframe><\/div>\n<\/div>\n<\/div>\n\n\n\n<div style=\"height:10px\" aria-hidden=\"true\" class=\"wp-block-spacer\"><\/div>\n\n\n\n<div class=\"wp-block-group alignfull has-gray-3-background-color has-background has-global-padding is-layout-constrained wp-container-core-group-is-layout-db9edeb8 wp-block-group-is-layout-constrained\"><\/div>","protected":false},"excerpt":{"rendered":"<p>Na Kontaktoni Ne jemi k\u00ebtu p\u00ebr t&#8217;ju ndihmuar me \u00e7do pyetje apo k\u00ebrkes\u00eb q\u00eb mund t\u00eb keni. Ekipi yn\u00eb \u00ebsht\u00eb i p\u00ebrkushtuar p\u00ebr t\u00eb ofruar nj\u00eb sh\u00ebrbim t\u00eb shk\u00eblqyer dhe t\u00eb personalizuar p\u00ebr \u00e7do klient. Pavar\u00ebsisht nevoj\u00ebs: k\u00ebshilla n\u00eb zgjedhjen e materialeve, informacion mbi sh\u00ebrbimet tona, apo d\u00ebshironi t\u00eb diskutoni nj\u00eb projekt t\u00eb ardhsh\u00ebm, mos [&hellip;]<\/p>\n","protected":false},"author":3,"featured_media":0,"parent":0,"menu_order":0,"comment_status":"closed","ping_status":"closed","template":"","meta":{"footnotes":""},"class_list":["post-661","page","type-page","status-publish","hentry"],"yoast_head":"<!-- This site is optimized with the Yoast SEO plugin v27.3 - https:\/\/yoast.com\/product\/yoast-seo-wordpress\/ -->\n<title>Kontakti - Oneda Granit<\/title>\n<meta name=\"robots\" content=\"index, follow, max-snippet:-1, max-image-preview:large, max-video-preview:-1\" \/>\n<link rel=\"canonical\" href=\"https:\/\/onedagranit.al\/en\/kontakt\/\" \/>\n<meta property=\"og:locale\" content=\"en_US\" \/>\n<meta property=\"og:type\" content=\"article\" \/>\n<meta property=\"og:title\" content=\"Kontakti - Oneda Granit\" \/>\n<meta property=\"og:description\" content=\"Na Kontaktoni Ne jemi k\u00ebtu p\u00ebr t&#8217;ju ndihmuar me \u00e7do pyetje apo k\u00ebrkes\u00eb q\u00eb mund t\u00eb keni. Ekipi yn\u00eb \u00ebsht\u00eb i p\u00ebrkushtuar p\u00ebr t\u00eb ofruar nj\u00eb sh\u00ebrbim t\u00eb shk\u00eblqyer dhe t\u00eb personalizuar p\u00ebr \u00e7do klient. Pavar\u00ebsisht nevoj\u00ebs: k\u00ebshilla n\u00eb zgjedhjen e materialeve, informacion mbi sh\u00ebrbimet tona, apo d\u00ebshironi t\u00eb diskutoni nj\u00eb projekt t\u00eb ardhsh\u00ebm, mos [&hellip;]\" \/>\n<meta property=\"og:url\" content=\"https:\/\/onedagranit.al\/en\/kontakt\/\" \/>\n<meta property=\"og:site_name\" content=\"Oneda Granit\" \/>\n<meta property=\"article:publisher\" content=\"https:\/\/www.facebook.com\/onedashpk\" \/>\n<meta property=\"article:modified_time\" content=\"2024-06-22T10:10:58+00:00\" \/>\n<meta property=\"og:image\" content=\"https:\/\/demo.webdevia.com\/uspace-locations-and-venues-listing-wordpress-theme\/wp-content\/uploads\/2023\/03\/untitled-25.png\" \/>\n<meta name=\"twitter:card\" content=\"summary_large_image\" \/>\n<script type=\"application\/ld+json\" class=\"yoast-schema-graph\">{\"@context\":\"https:\\\/\\\/schema.org\",\"@graph\":[{\"@type\":\"WebPage\",\"@id\":\"https:\\\/\\\/onedagranit.al\\\/kontakt\\\/\",\"url\":\"https:\\\/\\\/onedagranit.al\\\/kontakt\\\/\",\"name\":\"Kontakti - Oneda Granit\",\"isPartOf\":{\"@id\":\"https:\\\/\\\/onedagranit.al\\\/#website\"},\"primaryImageOfPage\":{\"@id\":\"https:\\\/\\\/onedagranit.al\\\/kontakt\\\/#primaryimage\"},\"image\":{\"@id\":\"https:\\\/\\\/onedagranit.al\\\/kontakt\\\/#primaryimage\"},\"thumbnailUrl\":\"https:\\\/\\\/demo.webdevia.com\\\/uspace-locations-and-venues-listing-wordpress-theme\\\/wp-content\\\/uploads\\\/2023\\\/03\\\/untitled-25.png\",\"datePublished\":\"2023-04-28T11:50:44+00:00\",\"dateModified\":\"2024-06-22T10:10:58+00:00\",\"breadcrumb\":{\"@id\":\"https:\\\/\\\/onedagranit.al\\\/kontakt\\\/#breadcrumb\"},\"inLanguage\":\"en-US\",\"potentialAction\":[{\"@type\":\"ReadAction\",\"target\":[\"https:\\\/\\\/onedagranit.al\\\/kontakt\\\/\"]}]},{\"@type\":\"ImageObject\",\"inLanguage\":\"en-US\",\"@id\":\"https:\\\/\\\/onedagranit.al\\\/kontakt\\\/#primaryimage\",\"url\":\"https:\\\/\\\/demo.webdevia.com\\\/uspace-locations-and-venues-listing-wordpress-theme\\\/wp-content\\\/uploads\\\/2023\\\/03\\\/untitled-25.png\",\"contentUrl\":\"https:\\\/\\\/demo.webdevia.com\\\/uspace-locations-and-venues-listing-wordpress-theme\\\/wp-content\\\/uploads\\\/2023\\\/03\\\/untitled-25.png\"},{\"@type\":\"BreadcrumbList\",\"@id\":\"https:\\\/\\\/onedagranit.al\\\/kontakt\\\/#breadcrumb\",\"itemListElement\":[{\"@type\":\"ListItem\",\"position\":1,\"name\":\"Home\",\"item\":\"https:\\\/\\\/onedagranit.al\\\/\"},{\"@type\":\"ListItem\",\"position\":2,\"name\":\"Kontakti\"}]},{\"@type\":\"WebSite\",\"@id\":\"https:\\\/\\\/onedagranit.al\\\/#website\",\"url\":\"https:\\\/\\\/onedagranit.al\\\/\",\"name\":\"Oneda Granit\",\"description\":\"P\u00ebrsosm\u00ebria e Natyr\u00ebs n\u00eb \u00c7do Detaj\",\"publisher\":{\"@id\":\"https:\\\/\\\/onedagranit.al\\\/#organization\"},\"potentialAction\":[{\"@type\":\"SearchAction\",\"target\":{\"@type\":\"EntryPoint\",\"urlTemplate\":\"https:\\\/\\\/onedagranit.al\\\/?s={search_term_string}\"},\"query-input\":{\"@type\":\"PropertyValueSpecification\",\"valueRequired\":true,\"valueName\":\"search_term_string\"}}],\"inLanguage\":\"en-US\"},{\"@type\":\"Organization\",\"@id\":\"https:\\\/\\\/onedagranit.al\\\/#organization\",\"name\":\"Oneda Granit\",\"url\":\"https:\\\/\\\/onedagranit.al\\\/\",\"logo\":{\"@type\":\"ImageObject\",\"inLanguage\":\"en-US\",\"@id\":\"https:\\\/\\\/onedagranit.al\\\/#\\\/schema\\\/logo\\\/image\\\/\",\"url\":\"https:\\\/\\\/onedagranit.al\\\/wp-content\\\/uploads\\\/2024\\\/06\\\/oneda-logo.png\",\"contentUrl\":\"https:\\\/\\\/onedagranit.al\\\/wp-content\\\/uploads\\\/2024\\\/06\\\/oneda-logo.png\",\"width\":1000,\"height\":400,\"caption\":\"Oneda Granit\"},\"image\":{\"@id\":\"https:\\\/\\\/onedagranit.al\\\/#\\\/schema\\\/logo\\\/image\\\/\"},\"sameAs\":[\"https:\\\/\\\/www.facebook.com\\\/onedashpk\",\"https:\\\/\\\/www.instagram.com\\\/onedagranit\\\/\"]}]}<\/script>\n<!-- \/ Yoast SEO plugin. -->","yoast_head_json":{"title":"Contact - Oneda Granit","robots":{"index":"index","follow":"follow","max-snippet":"max-snippet:-1","max-image-preview":"max-image-preview:large","max-video-preview":"max-video-preview:-1"},"canonical":"https:\/\/onedagranit.al\/en\/kontakt\/","og_locale":"en_US","og_type":"article","og_title":"Kontakti - Oneda Granit","og_description":"Na Kontaktoni Ne jemi k\u00ebtu p\u00ebr t&#8217;ju ndihmuar me \u00e7do pyetje apo k\u00ebrkes\u00eb q\u00eb mund t\u00eb keni. Ekipi yn\u00eb \u00ebsht\u00eb i p\u00ebrkushtuar p\u00ebr t\u00eb ofruar nj\u00eb sh\u00ebrbim t\u00eb shk\u00eblqyer dhe t\u00eb personalizuar p\u00ebr \u00e7do klient. Pavar\u00ebsisht nevoj\u00ebs: k\u00ebshilla n\u00eb zgjedhjen e materialeve, informacion mbi sh\u00ebrbimet tona, apo d\u00ebshironi t\u00eb diskutoni nj\u00eb projekt t\u00eb ardhsh\u00ebm, mos [&hellip;]","og_url":"https:\/\/onedagranit.al\/en\/kontakt\/","og_site_name":"Oneda Granit","article_publisher":"https:\/\/www.facebook.com\/onedashpk","article_modified_time":"2024-06-22T10:10:58+00:00","og_image":[{"url":"https:\/\/demo.webdevia.com\/uspace-locations-and-venues-listing-wordpress-theme\/wp-content\/uploads\/2023\/03\/untitled-25.png","type":"","width":"","height":""}],"twitter_card":"summary_large_image","schema":{"@context":"https:\/\/schema.org","@graph":[{"@type":"WebPage","@id":"https:\/\/onedagranit.al\/kontakt\/","url":"https:\/\/onedagranit.al\/kontakt\/","name":"Contact - Oneda Granit","isPartOf":{"@id":"https:\/\/onedagranit.al\/#website"},"primaryImageOfPage":{"@id":"https:\/\/onedagranit.al\/kontakt\/#primaryimage"},"image":{"@id":"https:\/\/onedagranit.al\/kontakt\/#primaryimage"},"thumbnailUrl":"https:\/\/demo.webdevia.com\/uspace-locations-and-venues-listing-wordpress-theme\/wp-content\/uploads\/2023\/03\/untitled-25.png","datePublished":"2023-04-28T11:50:44+00:00","dateModified":"2024-06-22T10:10:58+00:00","breadcrumb":{"@id":"https:\/\/onedagranit.al\/kontakt\/#breadcrumb"},"inLanguage":"en-US","potentialAction":[{"@type":"ReadAction","target":["https:\/\/onedagranit.al\/kontakt\/"]}]},{"@type":"ImageObject","inLanguage":"en-US","@id":"https:\/\/onedagranit.al\/kontakt\/#primaryimage","url":"https:\/\/demo.webdevia.com\/uspace-locations-and-venues-listing-wordpress-theme\/wp-content\/uploads\/2023\/03\/untitled-25.png","contentUrl":"https:\/\/demo.webdevia.com\/uspace-locations-and-venues-listing-wordpress-theme\/wp-content\/uploads\/2023\/03\/untitled-25.png"},{"@type":"BreadcrumbList","@id":"https:\/\/onedagranit.al\/kontakt\/#breadcrumb","itemListElement":[{"@type":"ListItem","position":1,"name":"Home","item":"https:\/\/onedagranit.al\/"},{"@type":"ListItem","position":2,"name":"Kontakti"}]},{"@type":"WebSite","@id":"https:\/\/onedagranit.al\/#website","url":"https:\/\/onedagranit.al\/","name":"Oneda Granite","description":"Nature&#039;s Perfection in Every Detail","publisher":{"@id":"https:\/\/onedagranit.al\/#organization"},"potentialAction":[{"@type":"SearchAction","target":{"@type":"EntryPoint","urlTemplate":"https:\/\/onedagranit.al\/?s={search_term_string}"},"query-input":{"@type":"PropertyValueSpecification","valueRequired":true,"valueName":"search_term_string"}}],"inLanguage":"en-US"},{"@type":"Organization","@id":"https:\/\/onedagranit.al\/#organization","name":"Oneda Granite","url":"https:\/\/onedagranit.al\/","logo":{"@type":"ImageObject","inLanguage":"en-US","@id":"https:\/\/onedagranit.al\/#\/schema\/logo\/image\/","url":"https:\/\/onedagranit.al\/wp-content\/uploads\/2024\/06\/oneda-logo.png","contentUrl":"https:\/\/onedagranit.al\/wp-content\/uploads\/2024\/06\/oneda-logo.png","width":1000,"height":400,"caption":"Oneda Granit"},"image":{"@id":"https:\/\/onedagranit.al\/#\/schema\/logo\/image\/"},"sameAs":["https:\/\/www.facebook.com\/onedashpk","https:\/\/www.instagram.com\/onedagranit\/"]}]}},"_links":{"self":[{"href":"https:\/\/onedagranit.al\/en\/wp-json\/wp\/v2\/pages\/661","targetHints":{"allow":["GET"]}}],"collection":[{"href":"https:\/\/onedagranit.al\/en\/wp-json\/wp\/v2\/pages"}],"about":[{"href":"https:\/\/onedagranit.al\/en\/wp-json\/wp\/v2\/types\/page"}],"author":[{"embeddable":true,"href":"https:\/\/onedagranit.al\/en\/wp-json\/wp\/v2\/users\/3"}],"replies":[{"embeddable":true,"href":"https:\/\/onedagranit.al\/en\/wp-json\/wp\/v2\/comments?post=661"}],"version-history":[{"count":11,"href":"https:\/\/onedagranit.al\/en\/wp-json\/wp\/v2\/pages\/661\/revisions"}],"predecessor-version":[{"id":2552,"href":"https:\/\/onedagranit.al\/en\/wp-json\/wp\/v2\/pages\/661\/revisions\/2552"}],"wp:attachment":[{"href":"https:\/\/onedagranit.al\/en\/wp-json\/wp\/v2\/media?parent=661"}],"curies":[{"name":"wp","href":"https:\/\/api.w.org\/{rel}","templated":true}]}}