{"id":717,"date":"2023-04-28T19:35:33","date_gmt":"2023-04-28T19:35:33","guid":{"rendered":"https:\/\/demo.webdevia.com\/cocina-kitchen-wordpress-theme\/?page_id=717"},"modified":"2024-07-13T06:32:35","modified_gmt":"2024-07-13T06:32:35","slug":"about-us","status":"publish","type":"page","link":"https:\/\/onedagranit.al\/en\/about-us\/","title":{"rendered":"About Us"},"content":{"rendered":"<div class=\"wp-block-columns is-layout-flex wp-container-core-columns-is-layout-28f84493 wp-block-columns-is-layout-flex\">\n<div class=\"wp-block-column is-layout-flow wp-block-column-is-layout-flow\" style=\"flex-basis:60%\">\n<div class=\"wp-block-cover is-light\" style=\"min-height:800px;aspect-ratio:unset;\"><span aria-hidden=\"true\" class=\"wp-block-cover__background has-background-dim-0 has-background-dim\" style=\"background-color:#b7b1aa\"><\/span><img loading=\"lazy\" decoding=\"async\" width=\"2048\" height=\"1152\" class=\"wp-block-cover__image-background wp-image-2608\" alt=\"\" src=\"http:\/\/onedagranit.al\/wp-content\/uploads\/2024\/06\/DSC_6042-frame-at-0m5s.jpg\" data-object-fit=\"cover\" srcset=\"https:\/\/onedagranit.al\/wp-content\/uploads\/2024\/06\/DSC_6042-frame-at-0m5s.jpg 2048w, https:\/\/onedagranit.al\/wp-content\/uploads\/2024\/06\/DSC_6042-frame-at-0m5s-300x169.jpg 300w, https:\/\/onedagranit.al\/wp-content\/uploads\/2024\/06\/DSC_6042-frame-at-0m5s-1024x576.jpg 1024w, https:\/\/onedagranit.al\/wp-content\/uploads\/2024\/06\/DSC_6042-frame-at-0m5s-768x432.jpg 768w, https:\/\/onedagranit.al\/wp-content\/uploads\/2024\/06\/DSC_6042-frame-at-0m5s-1536x864.jpg 1536w, https:\/\/onedagranit.al\/wp-content\/uploads\/2024\/06\/DSC_6042-frame-at-0m5s-18x10.jpg 18w, https:\/\/onedagranit.al\/wp-content\/uploads\/2024\/06\/DSC_6042-frame-at-0m5s-600x338.jpg 600w\" sizes=\"auto, (max-width: 2048px) 100vw, 2048px\" \/><div class=\"wp-block-cover__inner-container is-layout-flow wp-block-cover-is-layout-flow\">\n<p class=\"has-text-align-center has-large-font-size\"><\/p>\n<\/div><\/div>\n<\/div>\n\n\n\n<div class=\"wp-block-column is-layout-flow wp-block-column-is-layout-flow\" style=\"flex-basis:1%\"><\/div>\n\n\n\n<div class=\"wp-block-column is-layout-flow wp-block-column-is-layout-flow\" style=\"flex-basis:37%\">\n<div style=\"height:3vw\" aria-hidden=\"true\" class=\"wp-block-spacer\"><\/div>\n\n\n\n<h2 class=\"wp-block-heading\" style=\"margin-top:var(--wp--preset--spacing--20)\">Welcome to Oneda Granite<\/h2>\n\n\n\n<p>At Oneda Granite, we pride ourselves on being a premier supplier of high quality marble and granite products. Founded in 1997, our company has grown to become a trusted name in the industry, recognized for our commitment to quality, customer satisfaction and innovation.<\/p>\n<\/div>\n<\/div>\n\n\n\n<div class=\"wp-block-columns is-layout-flex wp-container-core-columns-is-layout-28f84493 wp-block-columns-is-layout-flex\">\n<div class=\"wp-block-column is-layout-flow wp-block-column-is-layout-flow\"><\/div>\n\n\n\n<div class=\"wp-block-column is-layout-flow wp-block-column-is-layout-flow\" style=\"flex-basis:40%\">\n<h3 class=\"wp-block-heading m-0_mobile z-index has-contrast-color has-text-color has-background\" style=\"background-color:#fecd87;margin-top:-270px;line-height:1.2\">Transform Your Space with the Shine of Oneda Granite<\/h3>\n<\/div>\n\n\n\n<div class=\"wp-block-column is-layout-flow wp-block-column-is-layout-flow\"><\/div>\n<\/div>\n\n\n\n<div style=\"height:60px\" aria-hidden=\"true\" class=\"wp-block-spacer\"><\/div>\n\n\n\n<div class=\"wp-block-cover alignfull is-light\"><span aria-hidden=\"true\" class=\"wp-block-cover__background has-background-dim-0 has-background-dim\" style=\"background-color:#b2a9a1\"><\/span><img loading=\"lazy\" decoding=\"async\" width=\"2048\" height=\"1152\" class=\"wp-block-cover__image-background wp-image-2610\" alt=\"\" src=\"http:\/\/onedagranit.al\/wp-content\/uploads\/2024\/06\/DSC_6043-frame-at-0m28s.jpg\" data-object-fit=\"cover\" srcset=\"https:\/\/onedagranit.al\/wp-content\/uploads\/2024\/06\/DSC_6043-frame-at-0m28s.jpg 2048w, https:\/\/onedagranit.al\/wp-content\/uploads\/2024\/06\/DSC_6043-frame-at-0m28s-300x169.jpg 300w, https:\/\/onedagranit.al\/wp-content\/uploads\/2024\/06\/DSC_6043-frame-at-0m28s-1024x576.jpg 1024w, https:\/\/onedagranit.al\/wp-content\/uploads\/2024\/06\/DSC_6043-frame-at-0m28s-768x432.jpg 768w, https:\/\/onedagranit.al\/wp-content\/uploads\/2024\/06\/DSC_6043-frame-at-0m28s-1536x864.jpg 1536w, https:\/\/onedagranit.al\/wp-content\/uploads\/2024\/06\/DSC_6043-frame-at-0m28s-18x10.jpg 18w, https:\/\/onedagranit.al\/wp-content\/uploads\/2024\/06\/DSC_6043-frame-at-0m28s-600x338.jpg 600w\" sizes=\"auto, (max-width: 2048px) 100vw, 2048px\" \/><div class=\"wp-block-cover__inner-container is-layout-flow wp-block-cover-is-layout-flow\">\n<div style=\"height:600px\" aria-hidden=\"true\" class=\"wp-block-spacer\"><\/div>\n<\/div><\/div>\n\n\n\n<div class=\"wp-block-group alignfull has-background has-global-padding is-layout-constrained wp-block-group-is-layout-constrained\" style=\"background-color:#fbfbfb;margin-top:0px;margin-bottom:0px;padding-top:var(--wp--preset--spacing--70);padding-bottom:var(--wp--preset--spacing--70)\">\n<div style=\"height:20px\" aria-hidden=\"true\" class=\"wp-block-spacer\"><\/div>\n\n\n\n<div class=\"wp-block-columns is-layout-flex wp-container-core-columns-is-layout-28f84493 wp-block-columns-is-layout-flex\">\n<div class=\"wp-block-column is-vertically-aligned-center is-layout-flow wp-block-column-is-layout-flow\">\n<h2 class=\"wp-block-heading\">Why Choose Oneda Granite?<\/h2>\n\n\n\n<p>Our commitment to customers is maximum.<\/p>\n<\/div>\n\n\n\n<div class=\"wp-block-column is-vertically-aligned-center is-layout-flow wp-block-column-is-layout-flow\">\n<div class=\"wp-block-webdevia-count-up\"><div class=\"wp-block-webdevia-count-up__picture\" style=\"width:80px\"><img loading=\"lazy\" decoding=\"async\" src=\"https:\/\/marbleo.webdevia.com\/wp-content\/uploads\/2023\/08\/presentation_thu7f5aky9ev-1.svg\" alt=\"Vite Eksperience\" width=\"80\" height=\"80\"\/><\/div><div class=\"wp-block-webdevia-count-up__info\"><h3 class=\"wp-block-webdevia-count-up__info__counter\" data-counter=\"30\"><\/h3><p class=\"wp-block-webdevia-count-up__info__label\">Years of Experience<\/p><\/div><\/div>\n<\/div>\n\n\n\n<div class=\"wp-block-column is-vertically-aligned-center is-layout-flow wp-block-column-is-layout-flow\">\n<div class=\"wp-block-webdevia-count-up\"><div class=\"wp-block-webdevia-count-up__picture\" style=\"width:80px\"><img loading=\"lazy\" decoding=\"async\" src=\"https:\/\/marbleo.webdevia.com\/wp-content\/uploads\/2023\/08\/client_bjhhfnnu7rcn-1.svg\" alt=\"Klient\u00eb t\u00eb K\u00ebnaqur\" width=\"80\" height=\"80\"\/><\/div><div class=\"wp-block-webdevia-count-up__info\"><h3 class=\"wp-block-webdevia-count-up__info__counter\" data-counter=\"5000\"><\/h3><p class=\"wp-block-webdevia-count-up__info__label\">Satisfied Customers<\/p><\/div><\/div>\n<\/div>\n\n\n\n<div class=\"wp-block-column is-vertically-aligned-center is-layout-flow wp-block-column-is-layout-flow\">\n<div class=\"wp-block-webdevia-count-up\"><div class=\"wp-block-webdevia-count-up__picture\" style=\"width:80px\"><img loading=\"lazy\" decoding=\"async\" src=\"https:\/\/marbleo.webdevia.com\/wp-content\/uploads\/2023\/08\/collaboration_taisvzj4iaaf-1.svg\" alt=\"Projekte t\u00eb P\u00ebrfunduara\" width=\"80\" height=\"80\"\/><\/div><div class=\"wp-block-webdevia-count-up__info\"><h3 class=\"wp-block-webdevia-count-up__info__counter\" data-counter=\"1500\"><\/h3><p class=\"wp-block-webdevia-count-up__info__label\">Completed Projects<\/p><\/div><\/div>\n<\/div>\n<\/div>\n\n\n\n<div style=\"height:3vw\" aria-hidden=\"true\" class=\"wp-block-spacer\"><\/div>\n<\/div>\n\n\n\n<div style=\"height:4vw\" aria-hidden=\"true\" class=\"wp-block-spacer\"><\/div>\n\n\n\n<div class=\"wp-block-group has-global-padding is-layout-constrained wp-block-group-is-layout-constrained\">\n<h2 class=\"wp-block-heading has-text-align-center\">Our values<\/h2>\n<\/div>\n\n\n\n<div class=\"wp-block-columns is-layout-flex wp-container-core-columns-is-layout-28f84493 wp-block-columns-is-layout-flex\">\n<div class=\"wp-block-column is-layout-flow wp-block-column-is-layout-flow\" style=\"flex-basis:100%\">\n<div style=\"height:4vw\" aria-hidden=\"true\" class=\"wp-block-spacer\"><\/div>\n<\/div>\n<\/div>\n\n\n\n<div class=\"wp-block-columns is-layout-flex wp-container-core-columns-is-layout-28f84493 wp-block-columns-is-layout-flex\">\n<div class=\"wp-block-column is-layout-flow wp-block-column-is-layout-flow\" style=\"flex-basis:100%\">\n<div class=\"wp-block-group process-steps is-vertical is-layout-flex wp-container-core-group-is-layout-fe9cc265 wp-block-group-is-layout-flex\">\n<h1 class=\"wp-block-heading\">01<\/h1>\n\n\n\n<h3 class=\"wp-block-heading\" style=\"line-height:1.1\">quality<\/h3>\n\n\n\n<p>We do not compromise when it comes to quality. Every product that comes out of us is carefully selected and processed to ensure that it meets the highest industry standards.<\/p>\n<\/div>\n<\/div>\n\n\n\n<div class=\"wp-block-column is-layout-flow wp-block-column-is-layout-flow\" style=\"flex-basis:100%\">\n<div class=\"wp-block-group process-steps is-vertical is-layout-flex wp-container-core-group-is-layout-fe9cc265 wp-block-group-is-layout-flex\">\n<h1 class=\"wp-block-heading\">02<\/h1>\n\n\n\n<h3 class=\"wp-block-heading\" style=\"line-height:1.1\">INNOVATION<\/h3>\n\n\n\n<p>Our designs are unique and customized for each project, ensuring that every detail reflects the client&#039;s unique elegance and style.<\/p>\n<\/div>\n<\/div>\n\n\n\n<div class=\"wp-block-column is-layout-flow wp-block-column-is-layout-flow\" style=\"flex-basis:100%\">\n<div class=\"wp-block-group process-steps is-vertical is-layout-flex wp-container-core-group-is-layout-fe9cc265 wp-block-group-is-layout-flex\">\n<h1 class=\"wp-block-heading\">03<\/h1>\n\n\n\n<h3 class=\"wp-block-heading\" style=\"line-height:1.1\">Customer Service<\/h3>\n\n\n\n<p>Our customers are the heart of our business. We are dedicated to providing them with exceptional service, ensuring that every collaboration is pleasant and fruitful.<\/p>\n<\/div>\n<\/div>\n<\/div>\n\n\n\n<div style=\"height:9vw\" aria-hidden=\"true\" class=\"wp-block-spacer\"><\/div>","protected":false},"excerpt":{"rendered":"<p>Mir\u00ebsevini n\u00eb Oneda Granit N\u00eb Oneda Granit, ne krenohemi q\u00eb jemi nj\u00eb furnizues i par\u00eb i produkteve t\u00eb mermerit dhe granitit t\u00eb cil\u00ebsis\u00eb s\u00eb lart\u00eb. E themeluar n\u00eb vitin 1997, kompania jon\u00eb \u00ebsht\u00eb rritur p\u00ebr t&#8217;u b\u00ebr\u00eb nj\u00eb em\u00ebr i besuar n\u00eb industri, i njohur p\u00ebr p\u00ebrkushtimin ton\u00eb ndaj cil\u00ebsis\u00eb, k\u00ebnaq\u00ebsis\u00eb s\u00eb klient\u00ebve dhe inovacionit. [&hellip;]<\/p>\n","protected":false},"author":3,"featured_media":0,"parent":0,"menu_order":0,"comment_status":"closed","ping_status":"closed","template":"","meta":{"footnotes":"[]"},"class_list":["post-717","page","type-page","status-publish","hentry"],"yoast_head":"<!-- This site is optimized with the Yoast SEO plugin v27.4 - https:\/\/yoast.com\/product\/yoast-seo-wordpress\/ -->\n<title>Rreth Nesh - Oneda Granit<\/title>\n<meta name=\"robots\" content=\"index, follow, max-snippet:-1, max-image-preview:large, max-video-preview:-1\" \/>\n<link rel=\"canonical\" href=\"https:\/\/onedagranit.al\/en\/about-us\/\" \/>\n<meta property=\"og:locale\" content=\"en_US\" \/>\n<meta property=\"og:type\" content=\"article\" \/>\n<meta property=\"og:title\" content=\"Rreth Nesh - Oneda Granit\" \/>\n<meta property=\"og:description\" content=\"Mir\u00ebsevini n\u00eb Oneda Granit N\u00eb Oneda Granit, ne krenohemi q\u00eb jemi nj\u00eb furnizues i par\u00eb i produkteve t\u00eb mermerit dhe granitit t\u00eb cil\u00ebsis\u00eb s\u00eb lart\u00eb. E themeluar n\u00eb vitin 1997, kompania jon\u00eb \u00ebsht\u00eb rritur p\u00ebr t&#8217;u b\u00ebr\u00eb nj\u00eb em\u00ebr i besuar n\u00eb industri, i njohur p\u00ebr p\u00ebrkushtimin ton\u00eb ndaj cil\u00ebsis\u00eb, k\u00ebnaq\u00ebsis\u00eb s\u00eb klient\u00ebve dhe inovacionit. [&hellip;]\" \/>\n<meta property=\"og:url\" content=\"https:\/\/onedagranit.al\/en\/about-us\/\" \/>\n<meta property=\"og:site_name\" content=\"Oneda Granit\" \/>\n<meta property=\"article:publisher\" content=\"https:\/\/www.facebook.com\/onedashpk\" \/>\n<meta property=\"article:modified_time\" content=\"2024-07-13T06:32:35+00:00\" \/>\n<meta property=\"og:image\" content=\"http:\/\/onedagranit.al\/wp-content\/uploads\/2024\/06\/DSC_6042-frame-at-0m5s.jpg\" \/>\n<meta name=\"twitter:card\" content=\"summary_large_image\" \/>\n<meta name=\"twitter:label1\" content=\"Est. reading time\" \/>\n\t<meta name=\"twitter:data1\" content=\"1 minute\" \/>\n<script type=\"application\/ld+json\" class=\"yoast-schema-graph\">{\"@context\":\"https:\\\/\\\/schema.org\",\"@graph\":[{\"@type\":\"WebPage\",\"@id\":\"https:\\\/\\\/onedagranit.al\\\/about-us\\\/\",\"url\":\"https:\\\/\\\/onedagranit.al\\\/about-us\\\/\",\"name\":\"Rreth Nesh - Oneda Granit\",\"isPartOf\":{\"@id\":\"https:\\\/\\\/onedagranit.al\\\/#website\"},\"primaryImageOfPage\":{\"@id\":\"https:\\\/\\\/onedagranit.al\\\/about-us\\\/#primaryimage\"},\"image\":{\"@id\":\"https:\\\/\\\/onedagranit.al\\\/about-us\\\/#primaryimage\"},\"thumbnailUrl\":\"http:\\\/\\\/onedagranit.al\\\/wp-content\\\/uploads\\\/2024\\\/06\\\/DSC_6042-frame-at-0m5s.jpg\",\"datePublished\":\"2023-04-28T19:35:33+00:00\",\"dateModified\":\"2024-07-13T06:32:35+00:00\",\"breadcrumb\":{\"@id\":\"https:\\\/\\\/onedagranit.al\\\/about-us\\\/#breadcrumb\"},\"inLanguage\":\"en-US\",\"potentialAction\":[{\"@type\":\"ReadAction\",\"target\":[\"https:\\\/\\\/onedagranit.al\\\/about-us\\\/\"]}]},{\"@type\":\"ImageObject\",\"inLanguage\":\"en-US\",\"@id\":\"https:\\\/\\\/onedagranit.al\\\/about-us\\\/#primaryimage\",\"url\":\"http:\\\/\\\/onedagranit.al\\\/wp-content\\\/uploads\\\/2024\\\/06\\\/DSC_6042-frame-at-0m5s.jpg\",\"contentUrl\":\"http:\\\/\\\/onedagranit.al\\\/wp-content\\\/uploads\\\/2024\\\/06\\\/DSC_6042-frame-at-0m5s.jpg\"},{\"@type\":\"BreadcrumbList\",\"@id\":\"https:\\\/\\\/onedagranit.al\\\/about-us\\\/#breadcrumb\",\"itemListElement\":[{\"@type\":\"ListItem\",\"position\":1,\"name\":\"Home\",\"item\":\"https:\\\/\\\/onedagranit.al\\\/\"},{\"@type\":\"ListItem\",\"position\":2,\"name\":\"Rreth Nesh\"}]},{\"@type\":\"WebSite\",\"@id\":\"https:\\\/\\\/onedagranit.al\\\/#website\",\"url\":\"https:\\\/\\\/onedagranit.al\\\/\",\"name\":\"Oneda Granit\",\"description\":\"P\u00ebrsosm\u00ebria e Natyr\u00ebs n\u00eb \u00c7do Detaj\",\"publisher\":{\"@id\":\"https:\\\/\\\/onedagranit.al\\\/#organization\"},\"potentialAction\":[{\"@type\":\"SearchAction\",\"target\":{\"@type\":\"EntryPoint\",\"urlTemplate\":\"https:\\\/\\\/onedagranit.al\\\/?s={search_term_string}\"},\"query-input\":{\"@type\":\"PropertyValueSpecification\",\"valueRequired\":true,\"valueName\":\"search_term_string\"}}],\"inLanguage\":\"en-US\"},{\"@type\":\"Organization\",\"@id\":\"https:\\\/\\\/onedagranit.al\\\/#organization\",\"name\":\"Oneda Granit\",\"url\":\"https:\\\/\\\/onedagranit.al\\\/\",\"logo\":{\"@type\":\"ImageObject\",\"inLanguage\":\"en-US\",\"@id\":\"https:\\\/\\\/onedagranit.al\\\/#\\\/schema\\\/logo\\\/image\\\/\",\"url\":\"https:\\\/\\\/onedagranit.al\\\/wp-content\\\/uploads\\\/2024\\\/06\\\/oneda-logo.png\",\"contentUrl\":\"https:\\\/\\\/onedagranit.al\\\/wp-content\\\/uploads\\\/2024\\\/06\\\/oneda-logo.png\",\"width\":1000,\"height\":400,\"caption\":\"Oneda Granit\"},\"image\":{\"@id\":\"https:\\\/\\\/onedagranit.al\\\/#\\\/schema\\\/logo\\\/image\\\/\"},\"sameAs\":[\"https:\\\/\\\/www.facebook.com\\\/onedashpk\",\"https:\\\/\\\/www.instagram.com\\\/onedagranit\\\/\"]}]}<\/script>\n<!-- \/ Yoast SEO plugin. -->","yoast_head_json":{"title":"About Us - Oneda Granite","robots":{"index":"index","follow":"follow","max-snippet":"max-snippet:-1","max-image-preview":"max-image-preview:large","max-video-preview":"max-video-preview:-1"},"canonical":"https:\/\/onedagranit.al\/en\/about-us\/","og_locale":"en_US","og_type":"article","og_title":"Rreth Nesh - Oneda Granit","og_description":"Mir\u00ebsevini n\u00eb Oneda Granit N\u00eb Oneda Granit, ne krenohemi q\u00eb jemi nj\u00eb furnizues i par\u00eb i produkteve t\u00eb mermerit dhe granitit t\u00eb cil\u00ebsis\u00eb s\u00eb lart\u00eb. E themeluar n\u00eb vitin 1997, kompania jon\u00eb \u00ebsht\u00eb rritur p\u00ebr t&#8217;u b\u00ebr\u00eb nj\u00eb em\u00ebr i besuar n\u00eb industri, i njohur p\u00ebr p\u00ebrkushtimin ton\u00eb ndaj cil\u00ebsis\u00eb, k\u00ebnaq\u00ebsis\u00eb s\u00eb klient\u00ebve dhe inovacionit. [&hellip;]","og_url":"https:\/\/onedagranit.al\/en\/about-us\/","og_site_name":"Oneda Granit","article_publisher":"https:\/\/www.facebook.com\/onedashpk","article_modified_time":"2024-07-13T06:32:35+00:00","og_image":[{"url":"http:\/\/onedagranit.al\/wp-content\/uploads\/2024\/06\/DSC_6042-frame-at-0m5s.jpg","type":"","width":"","height":""}],"twitter_card":"summary_large_image","twitter_misc":{"Est. reading time":"1 minute"},"schema":{"@context":"https:\/\/schema.org","@graph":[{"@type":"WebPage","@id":"https:\/\/onedagranit.al\/about-us\/","url":"https:\/\/onedagranit.al\/about-us\/","name":"About Us - Oneda Granite","isPartOf":{"@id":"https:\/\/onedagranit.al\/#website"},"primaryImageOfPage":{"@id":"https:\/\/onedagranit.al\/about-us\/#primaryimage"},"image":{"@id":"https:\/\/onedagranit.al\/about-us\/#primaryimage"},"thumbnailUrl":"http:\/\/onedagranit.al\/wp-content\/uploads\/2024\/06\/DSC_6042-frame-at-0m5s.jpg","datePublished":"2023-04-28T19:35:33+00:00","dateModified":"2024-07-13T06:32:35+00:00","breadcrumb":{"@id":"https:\/\/onedagranit.al\/about-us\/#breadcrumb"},"inLanguage":"en-US","potentialAction":[{"@type":"ReadAction","target":["https:\/\/onedagranit.al\/about-us\/"]}]},{"@type":"ImageObject","inLanguage":"en-US","@id":"https:\/\/onedagranit.al\/about-us\/#primaryimage","url":"http:\/\/onedagranit.al\/wp-content\/uploads\/2024\/06\/DSC_6042-frame-at-0m5s.jpg","contentUrl":"http:\/\/onedagranit.al\/wp-content\/uploads\/2024\/06\/DSC_6042-frame-at-0m5s.jpg"},{"@type":"BreadcrumbList","@id":"https:\/\/onedagranit.al\/about-us\/#breadcrumb","itemListElement":[{"@type":"ListItem","position":1,"name":"Home","item":"https:\/\/onedagranit.al\/"},{"@type":"ListItem","position":2,"name":"Rreth Nesh"}]},{"@type":"WebSite","@id":"https:\/\/onedagranit.al\/#website","url":"https:\/\/onedagranit.al\/","name":"Oneda Granite","description":"Nature&#039;s Perfection in Every Detail","publisher":{"@id":"https:\/\/onedagranit.al\/#organization"},"potentialAction":[{"@type":"SearchAction","target":{"@type":"EntryPoint","urlTemplate":"https:\/\/onedagranit.al\/?s={search_term_string}"},"query-input":{"@type":"PropertyValueSpecification","valueRequired":true,"valueName":"search_term_string"}}],"inLanguage":"en-US"},{"@type":"Organization","@id":"https:\/\/onedagranit.al\/#organization","name":"Oneda Granite","url":"https:\/\/onedagranit.al\/","logo":{"@type":"ImageObject","inLanguage":"en-US","@id":"https:\/\/onedagranit.al\/#\/schema\/logo\/image\/","url":"https:\/\/onedagranit.al\/wp-content\/uploads\/2024\/06\/oneda-logo.png","contentUrl":"https:\/\/onedagranit.al\/wp-content\/uploads\/2024\/06\/oneda-logo.png","width":1000,"height":400,"caption":"Oneda Granit"},"image":{"@id":"https:\/\/onedagranit.al\/#\/schema\/logo\/image\/"},"sameAs":["https:\/\/www.facebook.com\/onedashpk","https:\/\/www.instagram.com\/onedagranit\/"]}]}},"_links":{"self":[{"href":"https:\/\/onedagranit.al\/en\/wp-json\/wp\/v2\/pages\/717","targetHints":{"allow":["GET"]}}],"collection":[{"href":"https:\/\/onedagranit.al\/en\/wp-json\/wp\/v2\/pages"}],"about":[{"href":"https:\/\/onedagranit.al\/en\/wp-json\/wp\/v2\/types\/page"}],"author":[{"embeddable":true,"href":"https:\/\/onedagranit.al\/en\/wp-json\/wp\/v2\/users\/3"}],"replies":[{"embeddable":true,"href":"https:\/\/onedagranit.al\/en\/wp-json\/wp\/v2\/comments?post=717"}],"version-history":[{"count":9,"href":"https:\/\/onedagranit.al\/en\/wp-json\/wp\/v2\/pages\/717\/revisions"}],"predecessor-version":[{"id":2670,"href":"https:\/\/onedagranit.al\/en\/wp-json\/wp\/v2\/pages\/717\/revisions\/2670"}],"wp:attachment":[{"href":"https:\/\/onedagranit.al\/en\/wp-json\/wp\/v2\/media?parent=717"}],"curies":[{"name":"wp","href":"https:\/\/api.w.org\/{rel}","templated":true}]}}