{"id":2465,"date":"2024-06-21T17:57:16","date_gmt":"2024-06-21T17:57:16","guid":{"rendered":"https:\/\/onedagranit.al\/?post_type=product&#038;p=2465"},"modified":"2024-06-21T17:59:22","modified_gmt":"2024-06-21T17:59:22","slug":"botticino","status":"publish","type":"product","link":"https:\/\/onedagranit.al\/en\/product\/botticino\/","title":{"rendered":"Botticino"},"content":{"rendered":"","protected":false},"excerpt":{"rendered":"<p>Botticino marble is known for its soft and bright color, bringing a classic and elegant look to any space. This marble is ideal for floors, walls and pillars, offering a sense of luxury and sophistication.<\/p>","protected":false},"featured_media":2500,"template":"","meta":[],"product_brand":[],"product_cat":[45],"product_tag":[],"class_list":{"0":"post-2465","1":"product","2":"type-product","3":"status-publish","4":"has-post-thumbnail","6":"product_cat-mermer","8":"first","9":"outofstock","10":"shipping-taxable","11":"product-type-simple"},"yoast_head":"<!-- This site is optimized with the Yoast SEO plugin v27.3 - https:\/\/yoast.com\/product\/yoast-seo-wordpress\/ -->\n<title>Botticino - Oneda Granit<\/title>\n<meta name=\"robots\" content=\"index, follow, max-snippet:-1, max-image-preview:large, max-video-preview:-1\" \/>\n<link rel=\"canonical\" href=\"https:\/\/onedagranit.al\/en\/product\/botticino\/\" \/>\n<meta property=\"og:locale\" content=\"en_US\" \/>\n<meta property=\"og:type\" content=\"article\" \/>\n<meta property=\"og:title\" content=\"Botticino - Oneda Granit\" \/>\n<meta property=\"og:description\" content=\"Mermeri Botticino \u00ebsht\u00eb i njohur p\u00ebr ngjyr\u00ebn e tij t\u00eb but\u00eb dhe t\u00eb ndritshme, duke sjell\u00eb nj\u00eb pamje klasike dhe elegante n\u00eb \u00e7do hap\u00ebsir\u00eb. Ky mermer \u00ebsht\u00eb ideal p\u00ebr dysheme, mure dhe shtylla, duke ofruar nj\u00eb ndjesi luksi dhe sofistikimi.\" \/>\n<meta property=\"og:url\" content=\"https:\/\/onedagranit.al\/en\/product\/botticino\/\" \/>\n<meta property=\"og:site_name\" content=\"Oneda Granit\" \/>\n<meta property=\"article:publisher\" content=\"https:\/\/www.facebook.com\/onedashpk\" \/>\n<meta property=\"article:modified_time\" content=\"2024-06-21T17:59:22+00:00\" \/>\n<meta property=\"og:image\" content=\"https:\/\/onedagranit.al\/wp-content\/uploads\/2024\/06\/Botticino.jpg\" \/>\n\t<meta property=\"og:image:width\" content=\"2000\" \/>\n\t<meta property=\"og:image:height\" content=\"1333\" \/>\n\t<meta property=\"og:image:type\" content=\"image\/jpeg\" \/>\n<meta name=\"twitter:card\" content=\"summary_large_image\" \/>\n<meta name=\"twitter:label1\" content=\"Est. reading time\" \/>\n\t<meta name=\"twitter:data1\" content=\"1 minute\" \/>\n<script type=\"application\/ld+json\" class=\"yoast-schema-graph\">{\"@context\":\"https:\\\/\\\/schema.org\",\"@graph\":[{\"@type\":\"WebPage\",\"@id\":\"https:\\\/\\\/onedagranit.al\\\/produkt\\\/botticino\\\/\",\"url\":\"https:\\\/\\\/onedagranit.al\\\/produkt\\\/botticino\\\/\",\"name\":\"Botticino - Oneda Granit\",\"isPartOf\":{\"@id\":\"https:\\\/\\\/onedagranit.al\\\/#website\"},\"primaryImageOfPage\":{\"@id\":\"https:\\\/\\\/onedagranit.al\\\/produkt\\\/botticino\\\/#primaryimage\"},\"image\":{\"@id\":\"https:\\\/\\\/onedagranit.al\\\/produkt\\\/botticino\\\/#primaryimage\"},\"thumbnailUrl\":\"https:\\\/\\\/onedagranit.al\\\/wp-content\\\/uploads\\\/2024\\\/06\\\/Botticino.jpg\",\"datePublished\":\"2024-06-21T17:57:16+00:00\",\"dateModified\":\"2024-06-21T17:59:22+00:00\",\"breadcrumb\":{\"@id\":\"https:\\\/\\\/onedagranit.al\\\/produkt\\\/botticino\\\/#breadcrumb\"},\"inLanguage\":\"en-US\",\"potentialAction\":[{\"@type\":\"ReadAction\",\"target\":[\"https:\\\/\\\/onedagranit.al\\\/produkt\\\/botticino\\\/\"]}]},{\"@type\":\"ImageObject\",\"inLanguage\":\"en-US\",\"@id\":\"https:\\\/\\\/onedagranit.al\\\/produkt\\\/botticino\\\/#primaryimage\",\"url\":\"https:\\\/\\\/onedagranit.al\\\/wp-content\\\/uploads\\\/2024\\\/06\\\/Botticino.jpg\",\"contentUrl\":\"https:\\\/\\\/onedagranit.al\\\/wp-content\\\/uploads\\\/2024\\\/06\\\/Botticino.jpg\",\"width\":2000,\"height\":1333},{\"@type\":\"BreadcrumbList\",\"@id\":\"https:\\\/\\\/onedagranit.al\\\/produkt\\\/botticino\\\/#breadcrumb\",\"itemListElement\":[{\"@type\":\"ListItem\",\"position\":1,\"name\":\"Home\",\"item\":\"https:\\\/\\\/onedagranit.al\\\/\"},{\"@type\":\"ListItem\",\"position\":2,\"name\":\"Shop\",\"item\":\"https:\\\/\\\/onedagranit.al\\\/en\\\/shop-2\\\/\"},{\"@type\":\"ListItem\",\"position\":3,\"name\":\"Botticino\"}]},{\"@type\":\"WebSite\",\"@id\":\"https:\\\/\\\/onedagranit.al\\\/#website\",\"url\":\"https:\\\/\\\/onedagranit.al\\\/\",\"name\":\"Oneda Granit\",\"description\":\"P\u00ebrsosm\u00ebria e Natyr\u00ebs n\u00eb \u00c7do Detaj\",\"publisher\":{\"@id\":\"https:\\\/\\\/onedagranit.al\\\/#organization\"},\"potentialAction\":[{\"@type\":\"SearchAction\",\"target\":{\"@type\":\"EntryPoint\",\"urlTemplate\":\"https:\\\/\\\/onedagranit.al\\\/?s={search_term_string}\"},\"query-input\":{\"@type\":\"PropertyValueSpecification\",\"valueRequired\":true,\"valueName\":\"search_term_string\"}}],\"inLanguage\":\"en-US\"},{\"@type\":\"Organization\",\"@id\":\"https:\\\/\\\/onedagranit.al\\\/#organization\",\"name\":\"Oneda Granit\",\"url\":\"https:\\\/\\\/onedagranit.al\\\/\",\"logo\":{\"@type\":\"ImageObject\",\"inLanguage\":\"en-US\",\"@id\":\"https:\\\/\\\/onedagranit.al\\\/#\\\/schema\\\/logo\\\/image\\\/\",\"url\":\"https:\\\/\\\/onedagranit.al\\\/wp-content\\\/uploads\\\/2024\\\/06\\\/oneda-logo.png\",\"contentUrl\":\"https:\\\/\\\/onedagranit.al\\\/wp-content\\\/uploads\\\/2024\\\/06\\\/oneda-logo.png\",\"width\":1000,\"height\":400,\"caption\":\"Oneda Granit\"},\"image\":{\"@id\":\"https:\\\/\\\/onedagranit.al\\\/#\\\/schema\\\/logo\\\/image\\\/\"},\"sameAs\":[\"https:\\\/\\\/www.facebook.com\\\/onedashpk\",\"https:\\\/\\\/www.instagram.com\\\/onedagranit\\\/\"]}]}<\/script>\n<!-- \/ Yoast SEO plugin. -->","yoast_head_json":{"title":"Botticino - Oneda Granit","robots":{"index":"index","follow":"follow","max-snippet":"max-snippet:-1","max-image-preview":"max-image-preview:large","max-video-preview":"max-video-preview:-1"},"canonical":"https:\/\/onedagranit.al\/en\/product\/botticino\/","og_locale":"en_US","og_type":"article","og_title":"Botticino - Oneda Granit","og_description":"Mermeri Botticino \u00ebsht\u00eb i njohur p\u00ebr ngjyr\u00ebn e tij t\u00eb but\u00eb dhe t\u00eb ndritshme, duke sjell\u00eb nj\u00eb pamje klasike dhe elegante n\u00eb \u00e7do hap\u00ebsir\u00eb. Ky mermer \u00ebsht\u00eb ideal p\u00ebr dysheme, mure dhe shtylla, duke ofruar nj\u00eb ndjesi luksi dhe sofistikimi.","og_url":"https:\/\/onedagranit.al\/en\/product\/botticino\/","og_site_name":"Oneda Granit","article_publisher":"https:\/\/www.facebook.com\/onedashpk","article_modified_time":"2024-06-21T17:59:22+00:00","og_image":[{"width":2000,"height":1333,"url":"https:\/\/onedagranit.al\/wp-content\/uploads\/2024\/06\/Botticino.jpg","type":"image\/jpeg"}],"twitter_card":"summary_large_image","twitter_misc":{"Est. reading time":"1 minute"},"schema":{"@context":"https:\/\/schema.org","@graph":[{"@type":"WebPage","@id":"https:\/\/onedagranit.al\/produkt\/botticino\/","url":"https:\/\/onedagranit.al\/produkt\/botticino\/","name":"Botticino - Oneda Granit","isPartOf":{"@id":"https:\/\/onedagranit.al\/#website"},"primaryImageOfPage":{"@id":"https:\/\/onedagranit.al\/produkt\/botticino\/#primaryimage"},"image":{"@id":"https:\/\/onedagranit.al\/produkt\/botticino\/#primaryimage"},"thumbnailUrl":"https:\/\/onedagranit.al\/wp-content\/uploads\/2024\/06\/Botticino.jpg","datePublished":"2024-06-21T17:57:16+00:00","dateModified":"2024-06-21T17:59:22+00:00","breadcrumb":{"@id":"https:\/\/onedagranit.al\/produkt\/botticino\/#breadcrumb"},"inLanguage":"en-US","potentialAction":[{"@type":"ReadAction","target":["https:\/\/onedagranit.al\/produkt\/botticino\/"]}]},{"@type":"ImageObject","inLanguage":"en-US","@id":"https:\/\/onedagranit.al\/produkt\/botticino\/#primaryimage","url":"https:\/\/onedagranit.al\/wp-content\/uploads\/2024\/06\/Botticino.jpg","contentUrl":"https:\/\/onedagranit.al\/wp-content\/uploads\/2024\/06\/Botticino.jpg","width":2000,"height":1333},{"@type":"BreadcrumbList","@id":"https:\/\/onedagranit.al\/produkt\/botticino\/#breadcrumb","itemListElement":[{"@type":"ListItem","position":1,"name":"Home","item":"https:\/\/onedagranit.al\/"},{"@type":"ListItem","position":2,"name":"Shop","item":"https:\/\/onedagranit.al\/en\/shop-2\/"},{"@type":"ListItem","position":3,"name":"Botticino"}]},{"@type":"WebSite","@id":"https:\/\/onedagranit.al\/#website","url":"https:\/\/onedagranit.al\/","name":"Oneda Granite","description":"Nature&#039;s Perfection in Every Detail","publisher":{"@id":"https:\/\/onedagranit.al\/#organization"},"potentialAction":[{"@type":"SearchAction","target":{"@type":"EntryPoint","urlTemplate":"https:\/\/onedagranit.al\/?s={search_term_string}"},"query-input":{"@type":"PropertyValueSpecification","valueRequired":true,"valueName":"search_term_string"}}],"inLanguage":"en-US"},{"@type":"Organization","@id":"https:\/\/onedagranit.al\/#organization","name":"Oneda Granite","url":"https:\/\/onedagranit.al\/","logo":{"@type":"ImageObject","inLanguage":"en-US","@id":"https:\/\/onedagranit.al\/#\/schema\/logo\/image\/","url":"https:\/\/onedagranit.al\/wp-content\/uploads\/2024\/06\/oneda-logo.png","contentUrl":"https:\/\/onedagranit.al\/wp-content\/uploads\/2024\/06\/oneda-logo.png","width":1000,"height":400,"caption":"Oneda Granit"},"image":{"@id":"https:\/\/onedagranit.al\/#\/schema\/logo\/image\/"},"sameAs":["https:\/\/www.facebook.com\/onedashpk","https:\/\/www.instagram.com\/onedagranit\/"]}]}},"_links":{"self":[{"href":"https:\/\/onedagranit.al\/en\/wp-json\/wp\/v2\/product\/2465","targetHints":{"allow":["GET"]}}],"collection":[{"href":"https:\/\/onedagranit.al\/en\/wp-json\/wp\/v2\/product"}],"about":[{"href":"https:\/\/onedagranit.al\/en\/wp-json\/wp\/v2\/types\/product"}],"wp:featuredmedia":[{"embeddable":true,"href":"https:\/\/onedagranit.al\/en\/wp-json\/wp\/v2\/media\/2500"}],"wp:attachment":[{"href":"https:\/\/onedagranit.al\/en\/wp-json\/wp\/v2\/media?parent=2465"}],"wp:term":[{"taxonomy":"product_brand","embeddable":true,"href":"https:\/\/onedagranit.al\/en\/wp-json\/wp\/v2\/product_brand?post=2465"},{"taxonomy":"product_cat","embeddable":true,"href":"https:\/\/onedagranit.al\/en\/wp-json\/wp\/v2\/product_cat?post=2465"},{"taxonomy":"product_tag","embeddable":true,"href":"https:\/\/onedagranit.al\/en\/wp-json\/wp\/v2\/product_tag?post=2465"}],"curies":[{"name":"wp","href":"https:\/\/api.w.org\/{rel}","templated":true}]}}