{"id":2475,"date":"2024-06-21T17:57:18","date_gmt":"2024-06-21T17:57:18","guid":{"rendered":"https:\/\/onedagranit.al\/?post_type=product&#038;p=2475"},"modified":"2024-06-21T18:02:15","modified_gmt":"2024-06-21T18:02:15","slug":"titanium","status":"publish","type":"product","link":"https:\/\/onedagranit.al\/en\/product\/titanium\/","title":{"rendered":"Titanium"},"content":{"rendered":"","protected":false},"excerpt":{"rendered":"<p>Titanium Granite is known for its strength and durability, offering a powerful and elegant look. This material is suitable for use in interior and exterior spaces that require a durable and aesthetic material.<\/p>","protected":false},"featured_media":2494,"template":"","meta":[],"product_brand":[],"product_cat":[46],"product_tag":[],"class_list":{"0":"post-2475","1":"product","2":"type-product","3":"status-publish","4":"has-post-thumbnail","6":"product_cat-granit","8":"first","9":"outofstock","10":"shipping-taxable","11":"product-type-simple"},"yoast_head":"<!-- This site is optimized with the Yoast SEO plugin v27.3 - https:\/\/yoast.com\/product\/yoast-seo-wordpress\/ -->\n<title>Titanium - Oneda Granit<\/title>\n<meta name=\"robots\" content=\"index, follow, max-snippet:-1, max-image-preview:large, max-video-preview:-1\" \/>\n<link rel=\"canonical\" href=\"https:\/\/onedagranit.al\/en\/product\/titanium\/\" \/>\n<meta property=\"og:locale\" content=\"en_US\" \/>\n<meta property=\"og:type\" content=\"article\" \/>\n<meta property=\"og:title\" content=\"Titanium - Oneda Granit\" \/>\n<meta property=\"og:description\" content=\"Graniti Titanium \u00ebsht\u00eb i njohur p\u00ebr forc\u00ebn dhe q\u00ebndrueshm\u00ebrin\u00eb e tij, duke ofruar nj\u00eb pamje t\u00eb fuqishme dhe elegante. Ky material \u00ebsht\u00eb i p\u00ebrshtatsh\u00ebm p\u00ebr p\u00ebrdorim n\u00eb hap\u00ebsira t\u00eb brendshme dhe t\u00eb jashtme q\u00eb k\u00ebrkojn\u00eb nj\u00eb material t\u00eb q\u00ebndruesh\u00ebm dhe estetik.\" \/>\n<meta property=\"og:url\" content=\"https:\/\/onedagranit.al\/en\/product\/titanium\/\" \/>\n<meta property=\"og:site_name\" content=\"Oneda Granit\" \/>\n<meta property=\"article:publisher\" content=\"https:\/\/www.facebook.com\/onedashpk\" \/>\n<meta property=\"article:modified_time\" content=\"2024-06-21T18:02:15+00:00\" \/>\n<meta property=\"og:image\" content=\"https:\/\/onedagranit.al\/wp-content\/uploads\/2024\/06\/Titanium-black.jpg\" \/>\n\t<meta property=\"og:image:width\" content=\"2000\" \/>\n\t<meta property=\"og:image:height\" content=\"1333\" \/>\n\t<meta property=\"og:image:type\" content=\"image\/jpeg\" \/>\n<meta name=\"twitter:card\" content=\"summary_large_image\" \/>\n<script type=\"application\/ld+json\" class=\"yoast-schema-graph\">{\"@context\":\"https:\\\/\\\/schema.org\",\"@graph\":[{\"@type\":\"WebPage\",\"@id\":\"https:\\\/\\\/onedagranit.al\\\/produkt\\\/titanium\\\/\",\"url\":\"https:\\\/\\\/onedagranit.al\\\/produkt\\\/titanium\\\/\",\"name\":\"Titanium - Oneda Granit\",\"isPartOf\":{\"@id\":\"https:\\\/\\\/onedagranit.al\\\/#website\"},\"primaryImageOfPage\":{\"@id\":\"https:\\\/\\\/onedagranit.al\\\/produkt\\\/titanium\\\/#primaryimage\"},\"image\":{\"@id\":\"https:\\\/\\\/onedagranit.al\\\/produkt\\\/titanium\\\/#primaryimage\"},\"thumbnailUrl\":\"https:\\\/\\\/onedagranit.al\\\/wp-content\\\/uploads\\\/2024\\\/06\\\/Titanium-black.jpg\",\"datePublished\":\"2024-06-21T17:57:18+00:00\",\"dateModified\":\"2024-06-21T18:02:15+00:00\",\"breadcrumb\":{\"@id\":\"https:\\\/\\\/onedagranit.al\\\/produkt\\\/titanium\\\/#breadcrumb\"},\"inLanguage\":\"en-US\",\"potentialAction\":[{\"@type\":\"ReadAction\",\"target\":[\"https:\\\/\\\/onedagranit.al\\\/produkt\\\/titanium\\\/\"]}]},{\"@type\":\"ImageObject\",\"inLanguage\":\"en-US\",\"@id\":\"https:\\\/\\\/onedagranit.al\\\/produkt\\\/titanium\\\/#primaryimage\",\"url\":\"https:\\\/\\\/onedagranit.al\\\/wp-content\\\/uploads\\\/2024\\\/06\\\/Titanium-black.jpg\",\"contentUrl\":\"https:\\\/\\\/onedagranit.al\\\/wp-content\\\/uploads\\\/2024\\\/06\\\/Titanium-black.jpg\",\"width\":2000,\"height\":1333},{\"@type\":\"BreadcrumbList\",\"@id\":\"https:\\\/\\\/onedagranit.al\\\/produkt\\\/titanium\\\/#breadcrumb\",\"itemListElement\":[{\"@type\":\"ListItem\",\"position\":1,\"name\":\"Home\",\"item\":\"https:\\\/\\\/onedagranit.al\\\/\"},{\"@type\":\"ListItem\",\"position\":2,\"name\":\"Shop\",\"item\":\"https:\\\/\\\/onedagranit.al\\\/en\\\/shop-2\\\/\"},{\"@type\":\"ListItem\",\"position\":3,\"name\":\"Titanium\"}]},{\"@type\":\"WebSite\",\"@id\":\"https:\\\/\\\/onedagranit.al\\\/#website\",\"url\":\"https:\\\/\\\/onedagranit.al\\\/\",\"name\":\"Oneda Granit\",\"description\":\"P\u00ebrsosm\u00ebria e Natyr\u00ebs n\u00eb \u00c7do Detaj\",\"publisher\":{\"@id\":\"https:\\\/\\\/onedagranit.al\\\/#organization\"},\"potentialAction\":[{\"@type\":\"SearchAction\",\"target\":{\"@type\":\"EntryPoint\",\"urlTemplate\":\"https:\\\/\\\/onedagranit.al\\\/?s={search_term_string}\"},\"query-input\":{\"@type\":\"PropertyValueSpecification\",\"valueRequired\":true,\"valueName\":\"search_term_string\"}}],\"inLanguage\":\"en-US\"},{\"@type\":\"Organization\",\"@id\":\"https:\\\/\\\/onedagranit.al\\\/#organization\",\"name\":\"Oneda Granit\",\"url\":\"https:\\\/\\\/onedagranit.al\\\/\",\"logo\":{\"@type\":\"ImageObject\",\"inLanguage\":\"en-US\",\"@id\":\"https:\\\/\\\/onedagranit.al\\\/#\\\/schema\\\/logo\\\/image\\\/\",\"url\":\"https:\\\/\\\/onedagranit.al\\\/wp-content\\\/uploads\\\/2024\\\/06\\\/oneda-logo.png\",\"contentUrl\":\"https:\\\/\\\/onedagranit.al\\\/wp-content\\\/uploads\\\/2024\\\/06\\\/oneda-logo.png\",\"width\":1000,\"height\":400,\"caption\":\"Oneda Granit\"},\"image\":{\"@id\":\"https:\\\/\\\/onedagranit.al\\\/#\\\/schema\\\/logo\\\/image\\\/\"},\"sameAs\":[\"https:\\\/\\\/www.facebook.com\\\/onedashpk\",\"https:\\\/\\\/www.instagram.com\\\/onedagranit\\\/\"]}]}<\/script>\n<!-- \/ Yoast SEO plugin. -->","yoast_head_json":{"title":"Titanium - Oneda Granite","robots":{"index":"index","follow":"follow","max-snippet":"max-snippet:-1","max-image-preview":"max-image-preview:large","max-video-preview":"max-video-preview:-1"},"canonical":"https:\/\/onedagranit.al\/en\/product\/titanium\/","og_locale":"en_US","og_type":"article","og_title":"Titanium - Oneda Granit","og_description":"Graniti Titanium \u00ebsht\u00eb i njohur p\u00ebr forc\u00ebn dhe q\u00ebndrueshm\u00ebrin\u00eb e tij, duke ofruar nj\u00eb pamje t\u00eb fuqishme dhe elegante. Ky material \u00ebsht\u00eb i p\u00ebrshtatsh\u00ebm p\u00ebr p\u00ebrdorim n\u00eb hap\u00ebsira t\u00eb brendshme dhe t\u00eb jashtme q\u00eb k\u00ebrkojn\u00eb nj\u00eb material t\u00eb q\u00ebndruesh\u00ebm dhe estetik.","og_url":"https:\/\/onedagranit.al\/en\/product\/titanium\/","og_site_name":"Oneda Granit","article_publisher":"https:\/\/www.facebook.com\/onedashpk","article_modified_time":"2024-06-21T18:02:15+00:00","og_image":[{"width":2000,"height":1333,"url":"https:\/\/onedagranit.al\/wp-content\/uploads\/2024\/06\/Titanium-black.jpg","type":"image\/jpeg"}],"twitter_card":"summary_large_image","schema":{"@context":"https:\/\/schema.org","@graph":[{"@type":"WebPage","@id":"https:\/\/onedagranit.al\/produkt\/titanium\/","url":"https:\/\/onedagranit.al\/produkt\/titanium\/","name":"Titanium - Oneda Granite","isPartOf":{"@id":"https:\/\/onedagranit.al\/#website"},"primaryImageOfPage":{"@id":"https:\/\/onedagranit.al\/produkt\/titanium\/#primaryimage"},"image":{"@id":"https:\/\/onedagranit.al\/produkt\/titanium\/#primaryimage"},"thumbnailUrl":"https:\/\/onedagranit.al\/wp-content\/uploads\/2024\/06\/Titanium-black.jpg","datePublished":"2024-06-21T17:57:18+00:00","dateModified":"2024-06-21T18:02:15+00:00","breadcrumb":{"@id":"https:\/\/onedagranit.al\/produkt\/titanium\/#breadcrumb"},"inLanguage":"en-US","potentialAction":[{"@type":"ReadAction","target":["https:\/\/onedagranit.al\/produkt\/titanium\/"]}]},{"@type":"ImageObject","inLanguage":"en-US","@id":"https:\/\/onedagranit.al\/produkt\/titanium\/#primaryimage","url":"https:\/\/onedagranit.al\/wp-content\/uploads\/2024\/06\/Titanium-black.jpg","contentUrl":"https:\/\/onedagranit.al\/wp-content\/uploads\/2024\/06\/Titanium-black.jpg","width":2000,"height":1333},{"@type":"BreadcrumbList","@id":"https:\/\/onedagranit.al\/produkt\/titanium\/#breadcrumb","itemListElement":[{"@type":"ListItem","position":1,"name":"Home","item":"https:\/\/onedagranit.al\/"},{"@type":"ListItem","position":2,"name":"Shop","item":"https:\/\/onedagranit.al\/en\/shop-2\/"},{"@type":"ListItem","position":3,"name":"Titanium"}]},{"@type":"WebSite","@id":"https:\/\/onedagranit.al\/#website","url":"https:\/\/onedagranit.al\/","name":"Oneda Granite","description":"Nature&#039;s Perfection in Every Detail","publisher":{"@id":"https:\/\/onedagranit.al\/#organization"},"potentialAction":[{"@type":"SearchAction","target":{"@type":"EntryPoint","urlTemplate":"https:\/\/onedagranit.al\/?s={search_term_string}"},"query-input":{"@type":"PropertyValueSpecification","valueRequired":true,"valueName":"search_term_string"}}],"inLanguage":"en-US"},{"@type":"Organization","@id":"https:\/\/onedagranit.al\/#organization","name":"Oneda Granite","url":"https:\/\/onedagranit.al\/","logo":{"@type":"ImageObject","inLanguage":"en-US","@id":"https:\/\/onedagranit.al\/#\/schema\/logo\/image\/","url":"https:\/\/onedagranit.al\/wp-content\/uploads\/2024\/06\/oneda-logo.png","contentUrl":"https:\/\/onedagranit.al\/wp-content\/uploads\/2024\/06\/oneda-logo.png","width":1000,"height":400,"caption":"Oneda Granit"},"image":{"@id":"https:\/\/onedagranit.al\/#\/schema\/logo\/image\/"},"sameAs":["https:\/\/www.facebook.com\/onedashpk","https:\/\/www.instagram.com\/onedagranit\/"]}]}},"_links":{"self":[{"href":"https:\/\/onedagranit.al\/en\/wp-json\/wp\/v2\/product\/2475","targetHints":{"allow":["GET"]}}],"collection":[{"href":"https:\/\/onedagranit.al\/en\/wp-json\/wp\/v2\/product"}],"about":[{"href":"https:\/\/onedagranit.al\/en\/wp-json\/wp\/v2\/types\/product"}],"wp:featuredmedia":[{"embeddable":true,"href":"https:\/\/onedagranit.al\/en\/wp-json\/wp\/v2\/media\/2494"}],"wp:attachment":[{"href":"https:\/\/onedagranit.al\/en\/wp-json\/wp\/v2\/media?parent=2475"}],"wp:term":[{"taxonomy":"product_brand","embeddable":true,"href":"https:\/\/onedagranit.al\/en\/wp-json\/wp\/v2\/product_brand?post=2475"},{"taxonomy":"product_cat","embeddable":true,"href":"https:\/\/onedagranit.al\/en\/wp-json\/wp\/v2\/product_cat?post=2475"},{"taxonomy":"product_tag","embeddable":true,"href":"https:\/\/onedagranit.al\/en\/wp-json\/wp\/v2\/product_tag?post=2475"}],"curies":[{"name":"wp","href":"https:\/\/api.w.org\/{rel}","templated":true}]}}