{"id":2480,"date":"2024-06-21T17:57:19","date_gmt":"2024-06-21T17:57:19","guid":{"rendered":"https:\/\/onedagranit.al\/?post_type=product&#038;p=2480"},"modified":"2024-06-22T10:34:14","modified_gmt":"2024-06-22T10:34:14","slug":"giove","status":"publish","type":"product","link":"https:\/\/onedagranit.al\/en\/product\/giove\/","title":{"rendered":"Giove"},"content":{"rendered":"","protected":false},"excerpt":{"rendered":"<p>Giove quartz offers a perfect combination of aesthetics and functionality, while being durable and stylish. This material is ideal for use in kitchens and bathrooms that require a modern and clean look.<\/p>","protected":false},"featured_media":2569,"template":"","meta":[],"product_brand":[],"product_cat":[47],"product_tag":[],"class_list":{"0":"post-2480","1":"product","2":"type-product","3":"status-publish","4":"has-post-thumbnail","6":"product_cat-quartz","8":"first","9":"outofstock","10":"shipping-taxable","11":"product-type-simple"},"yoast_head":"<!-- This site is optimized with the Yoast SEO plugin v27.4 - https:\/\/yoast.com\/product\/yoast-seo-wordpress\/ -->\n<title>Giove - Oneda Granit<\/title>\n<meta name=\"robots\" content=\"index, follow, max-snippet:-1, max-image-preview:large, max-video-preview:-1\" \/>\n<link rel=\"canonical\" href=\"https:\/\/onedagranit.al\/en\/product\/giove\/\" \/>\n<meta property=\"og:locale\" content=\"en_US\" \/>\n<meta property=\"og:type\" content=\"article\" \/>\n<meta property=\"og:title\" content=\"Giove - Oneda Granit\" \/>\n<meta property=\"og:description\" content=\"Kuarci Giove ofron nj\u00eb kombinim t\u00eb p\u00ebrsosur t\u00eb estetik\u00ebs dhe funksionalitetit, duke qen\u00eb i q\u00ebndruesh\u00ebm dhe elegant. Ky material \u00ebsht\u00eb ideal p\u00ebr p\u00ebrdorim n\u00eb kuzhina dhe banjo q\u00eb k\u00ebrkojn\u00eb nj\u00eb pamje moderne dhe t\u00eb past\u00ebr.\" \/>\n<meta property=\"og:url\" content=\"https:\/\/onedagranit.al\/en\/product\/giove\/\" \/>\n<meta property=\"og:site_name\" content=\"Oneda Granit\" \/>\n<meta property=\"article:publisher\" content=\"https:\/\/www.facebook.com\/onedashpk\" \/>\n<meta property=\"article:modified_time\" content=\"2024-06-22T10:34:14+00:00\" \/>\n<meta property=\"og:image\" content=\"https:\/\/onedagranit.al\/wp-content\/uploads\/2024\/06\/giove-1024x682.png\" \/>\n\t<meta property=\"og:image:width\" content=\"1024\" \/>\n\t<meta property=\"og:image:height\" content=\"682\" \/>\n\t<meta property=\"og:image:type\" content=\"image\/png\" \/>\n<meta name=\"twitter:card\" content=\"summary_large_image\" \/>\n<script type=\"application\/ld+json\" class=\"yoast-schema-graph\">{\"@context\":\"https:\\\/\\\/schema.org\",\"@graph\":[{\"@type\":\"WebPage\",\"@id\":\"https:\\\/\\\/onedagranit.al\\\/produkt\\\/giove\\\/\",\"url\":\"https:\\\/\\\/onedagranit.al\\\/produkt\\\/giove\\\/\",\"name\":\"Giove - Oneda Granit\",\"isPartOf\":{\"@id\":\"https:\\\/\\\/onedagranit.al\\\/#website\"},\"primaryImageOfPage\":{\"@id\":\"https:\\\/\\\/onedagranit.al\\\/produkt\\\/giove\\\/#primaryimage\"},\"image\":{\"@id\":\"https:\\\/\\\/onedagranit.al\\\/produkt\\\/giove\\\/#primaryimage\"},\"thumbnailUrl\":\"https:\\\/\\\/onedagranit.al\\\/wp-content\\\/uploads\\\/2024\\\/06\\\/giove.png\",\"datePublished\":\"2024-06-21T17:57:19+00:00\",\"dateModified\":\"2024-06-22T10:34:14+00:00\",\"breadcrumb\":{\"@id\":\"https:\\\/\\\/onedagranit.al\\\/produkt\\\/giove\\\/#breadcrumb\"},\"inLanguage\":\"en-US\",\"potentialAction\":[{\"@type\":\"ReadAction\",\"target\":[\"https:\\\/\\\/onedagranit.al\\\/produkt\\\/giove\\\/\"]}]},{\"@type\":\"ImageObject\",\"inLanguage\":\"en-US\",\"@id\":\"https:\\\/\\\/onedagranit.al\\\/produkt\\\/giove\\\/#primaryimage\",\"url\":\"https:\\\/\\\/onedagranit.al\\\/wp-content\\\/uploads\\\/2024\\\/06\\\/giove.png\",\"contentUrl\":\"https:\\\/\\\/onedagranit.al\\\/wp-content\\\/uploads\\\/2024\\\/06\\\/giove.png\",\"width\":2000,\"height\":1333},{\"@type\":\"BreadcrumbList\",\"@id\":\"https:\\\/\\\/onedagranit.al\\\/produkt\\\/giove\\\/#breadcrumb\",\"itemListElement\":[{\"@type\":\"ListItem\",\"position\":1,\"name\":\"Home\",\"item\":\"https:\\\/\\\/onedagranit.al\\\/\"},{\"@type\":\"ListItem\",\"position\":2,\"name\":\"Shop\",\"item\":\"https:\\\/\\\/onedagranit.al\\\/en\\\/shop-2\\\/\"},{\"@type\":\"ListItem\",\"position\":3,\"name\":\"Giove\"}]},{\"@type\":\"WebSite\",\"@id\":\"https:\\\/\\\/onedagranit.al\\\/#website\",\"url\":\"https:\\\/\\\/onedagranit.al\\\/\",\"name\":\"Oneda Granit\",\"description\":\"P\u00ebrsosm\u00ebria e Natyr\u00ebs n\u00eb \u00c7do Detaj\",\"publisher\":{\"@id\":\"https:\\\/\\\/onedagranit.al\\\/#organization\"},\"potentialAction\":[{\"@type\":\"SearchAction\",\"target\":{\"@type\":\"EntryPoint\",\"urlTemplate\":\"https:\\\/\\\/onedagranit.al\\\/?s={search_term_string}\"},\"query-input\":{\"@type\":\"PropertyValueSpecification\",\"valueRequired\":true,\"valueName\":\"search_term_string\"}}],\"inLanguage\":\"en-US\"},{\"@type\":\"Organization\",\"@id\":\"https:\\\/\\\/onedagranit.al\\\/#organization\",\"name\":\"Oneda Granit\",\"url\":\"https:\\\/\\\/onedagranit.al\\\/\",\"logo\":{\"@type\":\"ImageObject\",\"inLanguage\":\"en-US\",\"@id\":\"https:\\\/\\\/onedagranit.al\\\/#\\\/schema\\\/logo\\\/image\\\/\",\"url\":\"https:\\\/\\\/onedagranit.al\\\/wp-content\\\/uploads\\\/2024\\\/06\\\/oneda-logo.png\",\"contentUrl\":\"https:\\\/\\\/onedagranit.al\\\/wp-content\\\/uploads\\\/2024\\\/06\\\/oneda-logo.png\",\"width\":1000,\"height\":400,\"caption\":\"Oneda Granit\"},\"image\":{\"@id\":\"https:\\\/\\\/onedagranit.al\\\/#\\\/schema\\\/logo\\\/image\\\/\"},\"sameAs\":[\"https:\\\/\\\/www.facebook.com\\\/onedashpk\",\"https:\\\/\\\/www.instagram.com\\\/onedagranit\\\/\"]}]}<\/script>\n<!-- \/ Yoast SEO plugin. -->","yoast_head_json":{"title":"Giove - Oneda Granit","robots":{"index":"index","follow":"follow","max-snippet":"max-snippet:-1","max-image-preview":"max-image-preview:large","max-video-preview":"max-video-preview:-1"},"canonical":"https:\/\/onedagranit.al\/en\/product\/giove\/","og_locale":"en_US","og_type":"article","og_title":"Giove - Oneda Granit","og_description":"Kuarci Giove ofron nj\u00eb kombinim t\u00eb p\u00ebrsosur t\u00eb estetik\u00ebs dhe funksionalitetit, duke qen\u00eb i q\u00ebndruesh\u00ebm dhe elegant. Ky material \u00ebsht\u00eb ideal p\u00ebr p\u00ebrdorim n\u00eb kuzhina dhe banjo q\u00eb k\u00ebrkojn\u00eb nj\u00eb pamje moderne dhe t\u00eb past\u00ebr.","og_url":"https:\/\/onedagranit.al\/en\/product\/giove\/","og_site_name":"Oneda Granit","article_publisher":"https:\/\/www.facebook.com\/onedashpk","article_modified_time":"2024-06-22T10:34:14+00:00","og_image":[{"width":1024,"height":682,"url":"https:\/\/onedagranit.al\/wp-content\/uploads\/2024\/06\/giove-1024x682.png","type":"image\/png"}],"twitter_card":"summary_large_image","schema":{"@context":"https:\/\/schema.org","@graph":[{"@type":"WebPage","@id":"https:\/\/onedagranit.al\/produkt\/giove\/","url":"https:\/\/onedagranit.al\/produkt\/giove\/","name":"Giove - Oneda Granit","isPartOf":{"@id":"https:\/\/onedagranit.al\/#website"},"primaryImageOfPage":{"@id":"https:\/\/onedagranit.al\/produkt\/giove\/#primaryimage"},"image":{"@id":"https:\/\/onedagranit.al\/produkt\/giove\/#primaryimage"},"thumbnailUrl":"https:\/\/onedagranit.al\/wp-content\/uploads\/2024\/06\/giove.png","datePublished":"2024-06-21T17:57:19+00:00","dateModified":"2024-06-22T10:34:14+00:00","breadcrumb":{"@id":"https:\/\/onedagranit.al\/produkt\/giove\/#breadcrumb"},"inLanguage":"en-US","potentialAction":[{"@type":"ReadAction","target":["https:\/\/onedagranit.al\/produkt\/giove\/"]}]},{"@type":"ImageObject","inLanguage":"en-US","@id":"https:\/\/onedagranit.al\/produkt\/giove\/#primaryimage","url":"https:\/\/onedagranit.al\/wp-content\/uploads\/2024\/06\/giove.png","contentUrl":"https:\/\/onedagranit.al\/wp-content\/uploads\/2024\/06\/giove.png","width":2000,"height":1333},{"@type":"BreadcrumbList","@id":"https:\/\/onedagranit.al\/produkt\/giove\/#breadcrumb","itemListElement":[{"@type":"ListItem","position":1,"name":"Home","item":"https:\/\/onedagranit.al\/"},{"@type":"ListItem","position":2,"name":"Shop","item":"https:\/\/onedagranit.al\/en\/shop-2\/"},{"@type":"ListItem","position":3,"name":"Giove"}]},{"@type":"WebSite","@id":"https:\/\/onedagranit.al\/#website","url":"https:\/\/onedagranit.al\/","name":"Oneda Granite","description":"Nature&#039;s Perfection in Every Detail","publisher":{"@id":"https:\/\/onedagranit.al\/#organization"},"potentialAction":[{"@type":"SearchAction","target":{"@type":"EntryPoint","urlTemplate":"https:\/\/onedagranit.al\/?s={search_term_string}"},"query-input":{"@type":"PropertyValueSpecification","valueRequired":true,"valueName":"search_term_string"}}],"inLanguage":"en-US"},{"@type":"Organization","@id":"https:\/\/onedagranit.al\/#organization","name":"Oneda Granite","url":"https:\/\/onedagranit.al\/","logo":{"@type":"ImageObject","inLanguage":"en-US","@id":"https:\/\/onedagranit.al\/#\/schema\/logo\/image\/","url":"https:\/\/onedagranit.al\/wp-content\/uploads\/2024\/06\/oneda-logo.png","contentUrl":"https:\/\/onedagranit.al\/wp-content\/uploads\/2024\/06\/oneda-logo.png","width":1000,"height":400,"caption":"Oneda Granit"},"image":{"@id":"https:\/\/onedagranit.al\/#\/schema\/logo\/image\/"},"sameAs":["https:\/\/www.facebook.com\/onedashpk","https:\/\/www.instagram.com\/onedagranit\/"]}]}},"_links":{"self":[{"href":"https:\/\/onedagranit.al\/en\/wp-json\/wp\/v2\/product\/2480","targetHints":{"allow":["GET"]}}],"collection":[{"href":"https:\/\/onedagranit.al\/en\/wp-json\/wp\/v2\/product"}],"about":[{"href":"https:\/\/onedagranit.al\/en\/wp-json\/wp\/v2\/types\/product"}],"wp:featuredmedia":[{"embeddable":true,"href":"https:\/\/onedagranit.al\/en\/wp-json\/wp\/v2\/media\/2569"}],"wp:attachment":[{"href":"https:\/\/onedagranit.al\/en\/wp-json\/wp\/v2\/media?parent=2480"}],"wp:term":[{"taxonomy":"product_brand","embeddable":true,"href":"https:\/\/onedagranit.al\/en\/wp-json\/wp\/v2\/product_brand?post=2480"},{"taxonomy":"product_cat","embeddable":true,"href":"https:\/\/onedagranit.al\/en\/wp-json\/wp\/v2\/product_cat?post=2480"},{"taxonomy":"product_tag","embeddable":true,"href":"https:\/\/onedagranit.al\/en\/wp-json\/wp\/v2\/product_tag?post=2480"}],"curies":[{"name":"wp","href":"https:\/\/api.w.org\/{rel}","templated":true}]}}