{"id":2481,"date":"2024-06-21T17:57:20","date_gmt":"2024-06-21T17:57:20","guid":{"rendered":"https:\/\/onedagranit.al\/?post_type=product&#038;p=2481"},"modified":"2024-06-21T18:02:42","modified_gmt":"2024-06-21T18:02:42","slug":"patagonia","status":"publish","type":"product","link":"https:\/\/onedagranit.al\/en\/product\/patagonia\/","title":{"rendered":"Patagonia"},"content":{"rendered":"","protected":false},"excerpt":{"rendered":"<p>Patagonia quartzite brings special motifs and vivid colors that create a unique and inspiring look. This material is perfect for use in interior and exterior projects that require a special aesthetic element.<\/p>","protected":false},"featured_media":2493,"template":"","meta":[],"product_brand":[],"product_cat":[48],"product_tag":[],"class_list":{"0":"post-2481","1":"product","2":"type-product","3":"status-publish","4":"has-post-thumbnail","6":"product_cat-quartzite","8":"first","9":"outofstock","10":"shipping-taxable","11":"product-type-simple"},"yoast_head":"<!-- This site is optimized with the Yoast SEO plugin v27.4 - https:\/\/yoast.com\/product\/yoast-seo-wordpress\/ -->\n<title>Patagonia - Oneda Granit<\/title>\n<meta name=\"robots\" content=\"index, follow, max-snippet:-1, max-image-preview:large, max-video-preview:-1\" \/>\n<link rel=\"canonical\" href=\"https:\/\/onedagranit.al\/en\/product\/patagonia\/\" \/>\n<meta property=\"og:locale\" content=\"en_US\" \/>\n<meta property=\"og:type\" content=\"article\" \/>\n<meta property=\"og:title\" content=\"Patagonia - Oneda Granit\" \/>\n<meta property=\"og:description\" content=\"Kuarciti Patagonia sjell motive t\u00eb ve\u00e7anta dhe ngjyra t\u00eb gjalla q\u00eb krijojn\u00eb nj\u00eb pamje unike dhe inspiruese. Ky material \u00ebsht\u00eb perfekt p\u00ebr p\u00ebrdorim n\u00eb projekte t\u00eb brendshme dhe t\u00eb jashtme q\u00eb k\u00ebrkojn\u00eb nj\u00eb element estetik t\u00eb ve\u00e7ant\u00eb.\" \/>\n<meta property=\"og:url\" content=\"https:\/\/onedagranit.al\/en\/product\/patagonia\/\" \/>\n<meta property=\"og:site_name\" content=\"Oneda Granit\" \/>\n<meta property=\"article:publisher\" content=\"https:\/\/www.facebook.com\/onedashpk\" \/>\n<meta property=\"article:modified_time\" content=\"2024-06-21T18:02:42+00:00\" \/>\n<meta property=\"og:image\" content=\"https:\/\/onedagranit.al\/wp-content\/uploads\/2024\/06\/Patagonia.jpg\" \/>\n\t<meta property=\"og:image:width\" content=\"1920\" \/>\n\t<meta property=\"og:image:height\" content=\"1280\" \/>\n\t<meta property=\"og:image:type\" content=\"image\/jpeg\" \/>\n<meta name=\"twitter:card\" content=\"summary_large_image\" \/>\n<script type=\"application\/ld+json\" class=\"yoast-schema-graph\">{\"@context\":\"https:\\\/\\\/schema.org\",\"@graph\":[{\"@type\":\"WebPage\",\"@id\":\"https:\\\/\\\/onedagranit.al\\\/en\\\/product\\\/patagonia\\\/\",\"url\":\"https:\\\/\\\/onedagranit.al\\\/en\\\/product\\\/patagonia\\\/\",\"name\":\"Patagonia - Oneda Granit\",\"isPartOf\":{\"@id\":\"https:\\\/\\\/onedagranit.al\\\/#website\"},\"primaryImageOfPage\":{\"@id\":\"https:\\\/\\\/onedagranit.al\\\/en\\\/product\\\/patagonia\\\/#primaryimage\"},\"image\":{\"@id\":\"https:\\\/\\\/onedagranit.al\\\/en\\\/product\\\/patagonia\\\/#primaryimage\"},\"thumbnailUrl\":\"https:\\\/\\\/onedagranit.al\\\/wp-content\\\/uploads\\\/2024\\\/06\\\/Patagonia.jpg\",\"datePublished\":\"2024-06-21T17:57:20+00:00\",\"dateModified\":\"2024-06-21T18:02:42+00:00\",\"breadcrumb\":{\"@id\":\"https:\\\/\\\/onedagranit.al\\\/en\\\/product\\\/patagonia\\\/#breadcrumb\"},\"inLanguage\":\"en-US\",\"potentialAction\":[{\"@type\":\"ReadAction\",\"target\":[\"https:\\\/\\\/onedagranit.al\\\/en\\\/product\\\/patagonia\\\/\"]}]},{\"@type\":\"ImageObject\",\"inLanguage\":\"en-US\",\"@id\":\"https:\\\/\\\/onedagranit.al\\\/en\\\/product\\\/patagonia\\\/#primaryimage\",\"url\":\"https:\\\/\\\/onedagranit.al\\\/wp-content\\\/uploads\\\/2024\\\/06\\\/Patagonia.jpg\",\"contentUrl\":\"https:\\\/\\\/onedagranit.al\\\/wp-content\\\/uploads\\\/2024\\\/06\\\/Patagonia.jpg\",\"width\":1920,\"height\":1280},{\"@type\":\"BreadcrumbList\",\"@id\":\"https:\\\/\\\/onedagranit.al\\\/en\\\/product\\\/patagonia\\\/#breadcrumb\",\"itemListElement\":[{\"@type\":\"ListItem\",\"position\":1,\"name\":\"Home\",\"item\":\"https:\\\/\\\/onedagranit.al\\\/\"},{\"@type\":\"ListItem\",\"position\":2,\"name\":\"Shop\",\"item\":\"https:\\\/\\\/onedagranit.al\\\/en\\\/shop-2\\\/\"},{\"@type\":\"ListItem\",\"position\":3,\"name\":\"Patagonia\"}]},{\"@type\":\"WebSite\",\"@id\":\"https:\\\/\\\/onedagranit.al\\\/#website\",\"url\":\"https:\\\/\\\/onedagranit.al\\\/\",\"name\":\"Oneda Granit\",\"description\":\"P\u00ebrsosm\u00ebria e Natyr\u00ebs n\u00eb \u00c7do Detaj\",\"publisher\":{\"@id\":\"https:\\\/\\\/onedagranit.al\\\/#organization\"},\"potentialAction\":[{\"@type\":\"SearchAction\",\"target\":{\"@type\":\"EntryPoint\",\"urlTemplate\":\"https:\\\/\\\/onedagranit.al\\\/?s={search_term_string}\"},\"query-input\":{\"@type\":\"PropertyValueSpecification\",\"valueRequired\":true,\"valueName\":\"search_term_string\"}}],\"inLanguage\":\"en-US\"},{\"@type\":\"Organization\",\"@id\":\"https:\\\/\\\/onedagranit.al\\\/#organization\",\"name\":\"Oneda Granit\",\"url\":\"https:\\\/\\\/onedagranit.al\\\/\",\"logo\":{\"@type\":\"ImageObject\",\"inLanguage\":\"en-US\",\"@id\":\"https:\\\/\\\/onedagranit.al\\\/#\\\/schema\\\/logo\\\/image\\\/\",\"url\":\"https:\\\/\\\/onedagranit.al\\\/wp-content\\\/uploads\\\/2024\\\/06\\\/oneda-logo.png\",\"contentUrl\":\"https:\\\/\\\/onedagranit.al\\\/wp-content\\\/uploads\\\/2024\\\/06\\\/oneda-logo.png\",\"width\":1000,\"height\":400,\"caption\":\"Oneda Granit\"},\"image\":{\"@id\":\"https:\\\/\\\/onedagranit.al\\\/#\\\/schema\\\/logo\\\/image\\\/\"},\"sameAs\":[\"https:\\\/\\\/www.facebook.com\\\/onedashpk\",\"https:\\\/\\\/www.instagram.com\\\/onedagranit\\\/\"]}]}<\/script>\n<!-- \/ Yoast SEO plugin. -->","yoast_head_json":{"title":"Patagonia - Oneda Granit","robots":{"index":"index","follow":"follow","max-snippet":"max-snippet:-1","max-image-preview":"max-image-preview:large","max-video-preview":"max-video-preview:-1"},"canonical":"https:\/\/onedagranit.al\/en\/product\/patagonia\/","og_locale":"en_US","og_type":"article","og_title":"Patagonia - Oneda Granit","og_description":"Kuarciti Patagonia sjell motive t\u00eb ve\u00e7anta dhe ngjyra t\u00eb gjalla q\u00eb krijojn\u00eb nj\u00eb pamje unike dhe inspiruese. Ky material \u00ebsht\u00eb perfekt p\u00ebr p\u00ebrdorim n\u00eb projekte t\u00eb brendshme dhe t\u00eb jashtme q\u00eb k\u00ebrkojn\u00eb nj\u00eb element estetik t\u00eb ve\u00e7ant\u00eb.","og_url":"https:\/\/onedagranit.al\/en\/product\/patagonia\/","og_site_name":"Oneda Granit","article_publisher":"https:\/\/www.facebook.com\/onedashpk","article_modified_time":"2024-06-21T18:02:42+00:00","og_image":[{"width":1920,"height":1280,"url":"https:\/\/onedagranit.al\/wp-content\/uploads\/2024\/06\/Patagonia.jpg","type":"image\/jpeg"}],"twitter_card":"summary_large_image","schema":{"@context":"https:\/\/schema.org","@graph":[{"@type":"WebPage","@id":"https:\/\/onedagranit.al\/en\/product\/patagonia\/","url":"https:\/\/onedagranit.al\/en\/product\/patagonia\/","name":"Patagonia - Oneda Granit","isPartOf":{"@id":"https:\/\/onedagranit.al\/#website"},"primaryImageOfPage":{"@id":"https:\/\/onedagranit.al\/en\/product\/patagonia\/#primaryimage"},"image":{"@id":"https:\/\/onedagranit.al\/en\/product\/patagonia\/#primaryimage"},"thumbnailUrl":"https:\/\/onedagranit.al\/wp-content\/uploads\/2024\/06\/Patagonia.jpg","datePublished":"2024-06-21T17:57:20+00:00","dateModified":"2024-06-21T18:02:42+00:00","breadcrumb":{"@id":"https:\/\/onedagranit.al\/en\/product\/patagonia\/#breadcrumb"},"inLanguage":"en-US","potentialAction":[{"@type":"ReadAction","target":["https:\/\/onedagranit.al\/en\/product\/patagonia\/"]}]},{"@type":"ImageObject","inLanguage":"en-US","@id":"https:\/\/onedagranit.al\/en\/product\/patagonia\/#primaryimage","url":"https:\/\/onedagranit.al\/wp-content\/uploads\/2024\/06\/Patagonia.jpg","contentUrl":"https:\/\/onedagranit.al\/wp-content\/uploads\/2024\/06\/Patagonia.jpg","width":1920,"height":1280},{"@type":"BreadcrumbList","@id":"https:\/\/onedagranit.al\/en\/product\/patagonia\/#breadcrumb","itemListElement":[{"@type":"ListItem","position":1,"name":"Home","item":"https:\/\/onedagranit.al\/"},{"@type":"ListItem","position":2,"name":"Shop","item":"https:\/\/onedagranit.al\/en\/shop-2\/"},{"@type":"ListItem","position":3,"name":"Patagonia"}]},{"@type":"WebSite","@id":"https:\/\/onedagranit.al\/#website","url":"https:\/\/onedagranit.al\/","name":"Oneda Granite","description":"Nature&#039;s Perfection in Every Detail","publisher":{"@id":"https:\/\/onedagranit.al\/#organization"},"potentialAction":[{"@type":"SearchAction","target":{"@type":"EntryPoint","urlTemplate":"https:\/\/onedagranit.al\/?s={search_term_string}"},"query-input":{"@type":"PropertyValueSpecification","valueRequired":true,"valueName":"search_term_string"}}],"inLanguage":"en-US"},{"@type":"Organization","@id":"https:\/\/onedagranit.al\/#organization","name":"Oneda Granite","url":"https:\/\/onedagranit.al\/","logo":{"@type":"ImageObject","inLanguage":"en-US","@id":"https:\/\/onedagranit.al\/#\/schema\/logo\/image\/","url":"https:\/\/onedagranit.al\/wp-content\/uploads\/2024\/06\/oneda-logo.png","contentUrl":"https:\/\/onedagranit.al\/wp-content\/uploads\/2024\/06\/oneda-logo.png","width":1000,"height":400,"caption":"Oneda Granit"},"image":{"@id":"https:\/\/onedagranit.al\/#\/schema\/logo\/image\/"},"sameAs":["https:\/\/www.facebook.com\/onedashpk","https:\/\/www.instagram.com\/onedagranit\/"]}]}},"_links":{"self":[{"href":"https:\/\/onedagranit.al\/en\/wp-json\/wp\/v2\/product\/2481","targetHints":{"allow":["GET"]}}],"collection":[{"href":"https:\/\/onedagranit.al\/en\/wp-json\/wp\/v2\/product"}],"about":[{"href":"https:\/\/onedagranit.al\/en\/wp-json\/wp\/v2\/types\/product"}],"wp:featuredmedia":[{"embeddable":true,"href":"https:\/\/onedagranit.al\/en\/wp-json\/wp\/v2\/media\/2493"}],"wp:attachment":[{"href":"https:\/\/onedagranit.al\/en\/wp-json\/wp\/v2\/media?parent=2481"}],"wp:term":[{"taxonomy":"product_brand","embeddable":true,"href":"https:\/\/onedagranit.al\/en\/wp-json\/wp\/v2\/product_brand?post=2481"},{"taxonomy":"product_cat","embeddable":true,"href":"https:\/\/onedagranit.al\/en\/wp-json\/wp\/v2\/product_cat?post=2481"},{"taxonomy":"product_tag","embeddable":true,"href":"https:\/\/onedagranit.al\/en\/wp-json\/wp\/v2\/product_tag?post=2481"}],"curies":[{"name":"wp","href":"https:\/\/api.w.org\/{rel}","templated":true}]}}