{"id":2484,"date":"2024-06-21T17:57:20","date_gmt":"2024-06-21T17:57:20","guid":{"rendered":"https:\/\/onedagranit.al\/?post_type=product&#038;p=2484"},"modified":"2024-06-21T18:03:22","modified_gmt":"2024-06-21T18:03:22","slug":"blue-roma-imperiale","status":"publish","type":"product","link":"https:\/\/onedagranit.al\/en\/product\/blue-roma-imperiale\/","title":{"rendered":"Blue Imperial Rome"},"content":{"rendered":"","protected":false},"excerpt":{"rendered":"<p>A powerful and elegant material, Blue Roma Imperiale offers an impressive and refined appearance. This quartzite is ideal for use in interior and exterior projects that require a durable and aesthetic material.<\/p>","protected":false},"featured_media":2491,"template":"","meta":[],"product_brand":[],"product_cat":[48],"product_tag":[],"class_list":{"0":"post-2484","1":"product","2":"type-product","3":"status-publish","4":"has-post-thumbnail","6":"product_cat-quartzite","8":"first","9":"outofstock","10":"shipping-taxable","11":"product-type-simple"},"yoast_head":"<!-- This site is optimized with the Yoast SEO plugin v27.3 - https:\/\/yoast.com\/product\/yoast-seo-wordpress\/ -->\n<title>Blue Roma Imperiale - Oneda Granit<\/title>\n<meta name=\"robots\" content=\"index, follow, max-snippet:-1, max-image-preview:large, max-video-preview:-1\" \/>\n<link rel=\"canonical\" href=\"https:\/\/onedagranit.al\/en\/product\/blue-roma-imperiale\/\" \/>\n<meta property=\"og:locale\" content=\"en_US\" \/>\n<meta property=\"og:type\" content=\"article\" \/>\n<meta property=\"og:title\" content=\"Blue Roma Imperiale - Oneda Granit\" \/>\n<meta property=\"og:description\" content=\"Nj\u00eb material i fuqish\u00ebm dhe elegant, Blue Roma Imperiale ofron nj\u00eb pamje mbres\u00ebl\u00ebn\u00ebse dhe t\u00eb rafinuar. Ky kuarcit \u00ebsht\u00eb ideal p\u00ebr p\u00ebrdorim n\u00eb projekte t\u00eb brendshme dhe t\u00eb jashtme q\u00eb k\u00ebrkojn\u00eb nj\u00eb material t\u00eb q\u00ebndruesh\u00ebm dhe estetik.\" \/>\n<meta property=\"og:url\" content=\"https:\/\/onedagranit.al\/en\/product\/blue-roma-imperiale\/\" \/>\n<meta property=\"og:site_name\" content=\"Oneda Granit\" \/>\n<meta property=\"article:publisher\" content=\"https:\/\/www.facebook.com\/onedashpk\" \/>\n<meta property=\"article:modified_time\" content=\"2024-06-21T18:03:22+00:00\" \/>\n<meta property=\"og:image\" content=\"https:\/\/onedagranit.al\/wp-content\/uploads\/2024\/06\/Roma-imperiale.jpg\" \/>\n\t<meta property=\"og:image:width\" content=\"2000\" \/>\n\t<meta property=\"og:image:height\" content=\"1333\" \/>\n\t<meta property=\"og:image:type\" content=\"image\/jpeg\" \/>\n<meta name=\"twitter:card\" content=\"summary_large_image\" \/>\n<script type=\"application\/ld+json\" class=\"yoast-schema-graph\">{\"@context\":\"https:\\\/\\\/schema.org\",\"@graph\":[{\"@type\":\"WebPage\",\"@id\":\"https:\\\/\\\/onedagranit.al\\\/produkt\\\/blue-roma-imperiale\\\/\",\"url\":\"https:\\\/\\\/onedagranit.al\\\/produkt\\\/blue-roma-imperiale\\\/\",\"name\":\"Blue Roma Imperiale - Oneda Granit\",\"isPartOf\":{\"@id\":\"https:\\\/\\\/onedagranit.al\\\/#website\"},\"primaryImageOfPage\":{\"@id\":\"https:\\\/\\\/onedagranit.al\\\/produkt\\\/blue-roma-imperiale\\\/#primaryimage\"},\"image\":{\"@id\":\"https:\\\/\\\/onedagranit.al\\\/produkt\\\/blue-roma-imperiale\\\/#primaryimage\"},\"thumbnailUrl\":\"https:\\\/\\\/onedagranit.al\\\/wp-content\\\/uploads\\\/2024\\\/06\\\/Roma-imperiale.jpg\",\"datePublished\":\"2024-06-21T17:57:20+00:00\",\"dateModified\":\"2024-06-21T18:03:22+00:00\",\"breadcrumb\":{\"@id\":\"https:\\\/\\\/onedagranit.al\\\/produkt\\\/blue-roma-imperiale\\\/#breadcrumb\"},\"inLanguage\":\"en-US\",\"potentialAction\":[{\"@type\":\"ReadAction\",\"target\":[\"https:\\\/\\\/onedagranit.al\\\/produkt\\\/blue-roma-imperiale\\\/\"]}]},{\"@type\":\"ImageObject\",\"inLanguage\":\"en-US\",\"@id\":\"https:\\\/\\\/onedagranit.al\\\/produkt\\\/blue-roma-imperiale\\\/#primaryimage\",\"url\":\"https:\\\/\\\/onedagranit.al\\\/wp-content\\\/uploads\\\/2024\\\/06\\\/Roma-imperiale.jpg\",\"contentUrl\":\"https:\\\/\\\/onedagranit.al\\\/wp-content\\\/uploads\\\/2024\\\/06\\\/Roma-imperiale.jpg\",\"width\":2000,\"height\":1333},{\"@type\":\"BreadcrumbList\",\"@id\":\"https:\\\/\\\/onedagranit.al\\\/produkt\\\/blue-roma-imperiale\\\/#breadcrumb\",\"itemListElement\":[{\"@type\":\"ListItem\",\"position\":1,\"name\":\"Home\",\"item\":\"https:\\\/\\\/onedagranit.al\\\/\"},{\"@type\":\"ListItem\",\"position\":2,\"name\":\"Shop\",\"item\":\"https:\\\/\\\/onedagranit.al\\\/en\\\/shop-2\\\/\"},{\"@type\":\"ListItem\",\"position\":3,\"name\":\"Blue Roma Imperiale\"}]},{\"@type\":\"WebSite\",\"@id\":\"https:\\\/\\\/onedagranit.al\\\/#website\",\"url\":\"https:\\\/\\\/onedagranit.al\\\/\",\"name\":\"Oneda Granit\",\"description\":\"P\u00ebrsosm\u00ebria e Natyr\u00ebs n\u00eb \u00c7do Detaj\",\"publisher\":{\"@id\":\"https:\\\/\\\/onedagranit.al\\\/#organization\"},\"potentialAction\":[{\"@type\":\"SearchAction\",\"target\":{\"@type\":\"EntryPoint\",\"urlTemplate\":\"https:\\\/\\\/onedagranit.al\\\/?s={search_term_string}\"},\"query-input\":{\"@type\":\"PropertyValueSpecification\",\"valueRequired\":true,\"valueName\":\"search_term_string\"}}],\"inLanguage\":\"en-US\"},{\"@type\":\"Organization\",\"@id\":\"https:\\\/\\\/onedagranit.al\\\/#organization\",\"name\":\"Oneda Granit\",\"url\":\"https:\\\/\\\/onedagranit.al\\\/\",\"logo\":{\"@type\":\"ImageObject\",\"inLanguage\":\"en-US\",\"@id\":\"https:\\\/\\\/onedagranit.al\\\/#\\\/schema\\\/logo\\\/image\\\/\",\"url\":\"https:\\\/\\\/onedagranit.al\\\/wp-content\\\/uploads\\\/2024\\\/06\\\/oneda-logo.png\",\"contentUrl\":\"https:\\\/\\\/onedagranit.al\\\/wp-content\\\/uploads\\\/2024\\\/06\\\/oneda-logo.png\",\"width\":1000,\"height\":400,\"caption\":\"Oneda Granit\"},\"image\":{\"@id\":\"https:\\\/\\\/onedagranit.al\\\/#\\\/schema\\\/logo\\\/image\\\/\"},\"sameAs\":[\"https:\\\/\\\/www.facebook.com\\\/onedashpk\",\"https:\\\/\\\/www.instagram.com\\\/onedagranit\\\/\"]}]}<\/script>\n<!-- \/ Yoast SEO plugin. -->","yoast_head_json":{"title":"Blue Roma Imperiale - Oneda Granite","robots":{"index":"index","follow":"follow","max-snippet":"max-snippet:-1","max-image-preview":"max-image-preview:large","max-video-preview":"max-video-preview:-1"},"canonical":"https:\/\/onedagranit.al\/en\/product\/blue-roma-imperiale\/","og_locale":"en_US","og_type":"article","og_title":"Blue Roma Imperiale - Oneda Granit","og_description":"Nj\u00eb material i fuqish\u00ebm dhe elegant, Blue Roma Imperiale ofron nj\u00eb pamje mbres\u00ebl\u00ebn\u00ebse dhe t\u00eb rafinuar. Ky kuarcit \u00ebsht\u00eb ideal p\u00ebr p\u00ebrdorim n\u00eb projekte t\u00eb brendshme dhe t\u00eb jashtme q\u00eb k\u00ebrkojn\u00eb nj\u00eb material t\u00eb q\u00ebndruesh\u00ebm dhe estetik.","og_url":"https:\/\/onedagranit.al\/en\/product\/blue-roma-imperiale\/","og_site_name":"Oneda Granit","article_publisher":"https:\/\/www.facebook.com\/onedashpk","article_modified_time":"2024-06-21T18:03:22+00:00","og_image":[{"width":2000,"height":1333,"url":"https:\/\/onedagranit.al\/wp-content\/uploads\/2024\/06\/Roma-imperiale.jpg","type":"image\/jpeg"}],"twitter_card":"summary_large_image","schema":{"@context":"https:\/\/schema.org","@graph":[{"@type":"WebPage","@id":"https:\/\/onedagranit.al\/produkt\/blue-roma-imperiale\/","url":"https:\/\/onedagranit.al\/produkt\/blue-roma-imperiale\/","name":"Blue Roma Imperiale - Oneda Granite","isPartOf":{"@id":"https:\/\/onedagranit.al\/#website"},"primaryImageOfPage":{"@id":"https:\/\/onedagranit.al\/produkt\/blue-roma-imperiale\/#primaryimage"},"image":{"@id":"https:\/\/onedagranit.al\/produkt\/blue-roma-imperiale\/#primaryimage"},"thumbnailUrl":"https:\/\/onedagranit.al\/wp-content\/uploads\/2024\/06\/Roma-imperiale.jpg","datePublished":"2024-06-21T17:57:20+00:00","dateModified":"2024-06-21T18:03:22+00:00","breadcrumb":{"@id":"https:\/\/onedagranit.al\/produkt\/blue-roma-imperiale\/#breadcrumb"},"inLanguage":"en-US","potentialAction":[{"@type":"ReadAction","target":["https:\/\/onedagranit.al\/produkt\/blue-roma-imperiale\/"]}]},{"@type":"ImageObject","inLanguage":"en-US","@id":"https:\/\/onedagranit.al\/produkt\/blue-roma-imperiale\/#primaryimage","url":"https:\/\/onedagranit.al\/wp-content\/uploads\/2024\/06\/Roma-imperiale.jpg","contentUrl":"https:\/\/onedagranit.al\/wp-content\/uploads\/2024\/06\/Roma-imperiale.jpg","width":2000,"height":1333},{"@type":"BreadcrumbList","@id":"https:\/\/onedagranit.al\/produkt\/blue-roma-imperiale\/#breadcrumb","itemListElement":[{"@type":"ListItem","position":1,"name":"Home","item":"https:\/\/onedagranit.al\/"},{"@type":"ListItem","position":2,"name":"Shop","item":"https:\/\/onedagranit.al\/en\/shop-2\/"},{"@type":"ListItem","position":3,"name":"Blue Roma Imperiale"}]},{"@type":"WebSite","@id":"https:\/\/onedagranit.al\/#website","url":"https:\/\/onedagranit.al\/","name":"Oneda Granite","description":"Nature&#039;s Perfection in Every Detail","publisher":{"@id":"https:\/\/onedagranit.al\/#organization"},"potentialAction":[{"@type":"SearchAction","target":{"@type":"EntryPoint","urlTemplate":"https:\/\/onedagranit.al\/?s={search_term_string}"},"query-input":{"@type":"PropertyValueSpecification","valueRequired":true,"valueName":"search_term_string"}}],"inLanguage":"en-US"},{"@type":"Organization","@id":"https:\/\/onedagranit.al\/#organization","name":"Oneda Granite","url":"https:\/\/onedagranit.al\/","logo":{"@type":"ImageObject","inLanguage":"en-US","@id":"https:\/\/onedagranit.al\/#\/schema\/logo\/image\/","url":"https:\/\/onedagranit.al\/wp-content\/uploads\/2024\/06\/oneda-logo.png","contentUrl":"https:\/\/onedagranit.al\/wp-content\/uploads\/2024\/06\/oneda-logo.png","width":1000,"height":400,"caption":"Oneda Granit"},"image":{"@id":"https:\/\/onedagranit.al\/#\/schema\/logo\/image\/"},"sameAs":["https:\/\/www.facebook.com\/onedashpk","https:\/\/www.instagram.com\/onedagranit\/"]}]}},"_links":{"self":[{"href":"https:\/\/onedagranit.al\/en\/wp-json\/wp\/v2\/product\/2484","targetHints":{"allow":["GET"]}}],"collection":[{"href":"https:\/\/onedagranit.al\/en\/wp-json\/wp\/v2\/product"}],"about":[{"href":"https:\/\/onedagranit.al\/en\/wp-json\/wp\/v2\/types\/product"}],"wp:featuredmedia":[{"embeddable":true,"href":"https:\/\/onedagranit.al\/en\/wp-json\/wp\/v2\/media\/2491"}],"wp:attachment":[{"href":"https:\/\/onedagranit.al\/en\/wp-json\/wp\/v2\/media?parent=2484"}],"wp:term":[{"taxonomy":"product_brand","embeddable":true,"href":"https:\/\/onedagranit.al\/en\/wp-json\/wp\/v2\/product_brand?post=2484"},{"taxonomy":"product_cat","embeddable":true,"href":"https:\/\/onedagranit.al\/en\/wp-json\/wp\/v2\/product_cat?post=2484"},{"taxonomy":"product_tag","embeddable":true,"href":"https:\/\/onedagranit.al\/en\/wp-json\/wp\/v2\/product_tag?post=2484"}],"curies":[{"name":"wp","href":"https:\/\/api.w.org\/{rel}","templated":true}]}}